{"id":8100,"date":"2021-10-20T16:28:15","date_gmt":"2021-10-20T13:28:15","guid":{"rendered":"https:\/\/greenlandcommodities.com\/domov\/"},"modified":"2021-11-18T15:47:31","modified_gmt":"2021-11-18T12:47:31","slug":"domov","status":"publish","type":"page","link":"https:\/\/greenlandcommodities.com\/cs\/","title":{"rendered":"Domov"},"content":{"rendered":"<p>[vc_row css=&#8221;.vc_custom_1460958899385{margin-bottom: 56px !important;}&#8221;][vc_column offset=&#8221;vc_hidden-xs&#8221;][rev_slider_vc alias=&#8221;main_slider&#8221;][\/vc_column][\/vc_row][vc_row full_width=&#8221;stretch_row&#8221; css=&#8221;.vc_custom_1630565481580{margin-top: 100px !important;margin-bottom: 100px !important;}&#8221;][vc_column][vc_custom_heading stripe_pos=&#8221;left_right&#8221; stm_title_font_weight=&#8221;900&#8243; text=&#8221;BURZOVNI D\u016eM GREENLAND&#8221; font_container=&#8221;tag:h3|font_size:40|text_align:center|color:%2300043d&#8221; google_fonts=&#8221;font_family:Abel%3Aregular|font_style:400%20regular%3A400%3Anormal&#8221; css=&#8221;.vc_custom_1637160689415{margin-bottom: 70px !important;}&#8221; link=&#8221;url:https%3A%2F%2Fgreenlandcommodities.com%2Ftrading%2F|target:_blank&#8221;][vc_custom_heading stripe_pos=&#8221;hide&#8221; text=&#8221;Greenland Commodities je rychle se rozv\u00edjej\u00edc\u00ed burzovn\u00ed d\u016fm zalo\u017een\u00fd na v\u011bd\u011b a technologii, kter\u00fd se nach\u00e1z\u00ed v sam\u00e9m srdci Evropy ( Praha, CZ ). Spojujeme na\u0161e zku\u0161enosti s mezin\u00e1rodn\u00edm obchodov\u00e1n\u00edm, s v\u011bdou a technologiemi podporovan\u00fdmi vzd\u011blan\u00fdmi odborn\u00edky v jejich specializovan\u00fdch oborech. Na\u0161e obchodov\u00e1n\u00ed se zam\u011b\u0159uje na tyto produkty: p\u0159edev\u0161\u00edm energetika, plyn, ropa, uhl\u00ed a certifik\u00e1ty, a to ve 20 zem\u00edch a 12 energetick\u00fdch burz\u00e1ch.&#8221; font_container=&#8221;tag:h3|font_size:21|text_align:center|color:%23002170&#8243; google_fonts=&#8221;font_family:Abel%3Aregular|font_style:400%20regular%3A400%3Anormal&#8221;][vc_custom_heading stripe_pos=&#8221;hide&#8221; text=&#8221;Greenland Commodities pov\u011b\u0159uje sv\u00e9 zam\u011bstnance prost\u0159ednictv\u00edm obchodn\u00edch zku\u0161enost\u00ed, mentor\u016f a strategi\u00ed s p\u0159idanou hodnotou v re\u00e1ln\u00e9m \u010dase v n\u00e1ro\u010dn\u00fdch tr\u017en\u00edch prost\u0159ed\u00edch. Jsme v\u00e1\u0161niv\u011b aktivn\u00ed a obchodujeme ka\u017edou minutu v roce.&#8221; font_container=&#8221;tag:h3|font_size:21|text_align:center|color:%23002170&#8243; google_fonts=&#8221;font_family:Abel%3Aregular|font_style:400%20regular%3A400%3Anormal&#8221;][vc_custom_heading stripe_pos=&#8221;hide&#8221; text=&#8221;Zat\u00edmco nech\u00e1v\u00e1me v\u011bdu a technologii vrhnout sv\u011btlo na na\u0161i budoucnost, je na\u0161\u00edm c\u00edlem p\u0159etvo\u0159it obchodn\u00ed syst\u00e9my etick\u00fdm, odpov\u011bdn\u00fdm a udr\u017eiteln\u00fdm zp\u016fsobem.&#8221; font_container=&#8221;tag:h3|font_size:21|text_align:center|color:%23002170&#8243; google_fonts=&#8221;font_family:Abel%3Aregular|font_style:400%20regular%3A400%3Anormal&#8221; css=&#8221;.vc_custom_1637160712465{margin-bottom: 50px !important;}&#8221;][vc_row_inner css=&#8221;.vc_custom_1630565542420{padding-top: 15px !important;}&#8221;][vc_column_inner width=&#8221;1\/6&#8243;][vc_icon icon_fontawesome=&#8221;stm-denver-energy&#8221; color=&#8221;white&#8221; background_style=&#8221;rounded&#8221; background_color=&#8221;custom&#8221; size=&#8221;lg&#8221; align=&#8221;center&#8221; css_animation=&#8221;rollIn&#8221; css=&#8221;.vc_custom_1632988495744{margin-top: -25px !important;margin-bottom: -10px !important;}&#8221; custom_background_color=&#8221;#00043d&#8221;][vc_custom_heading stripe_pos=&#8221;hide&#8221; stm_title_font_weight=&#8221;600&#8243; text=&#8221;ENERGIE&#8221; font_container=&#8221;tag:h3|font_size:20|text_align:center|color:%2300043d&#8221; google_fonts=&#8221;font_family:Abel%3Aregular|font_style:400%20regular%3A400%3Anormal&#8221;][\/vc_column_inner][vc_column_inner width=&#8221;1\/6&#8243;][vc_icon icon_fontawesome=&#8221;fas fa-burn&#8221; color=&#8221;white&#8221; background_style=&#8221;rounded&#8221; background_color=&#8221;custom&#8221; size=&#8221;lg&#8221; align=&#8221;center&#8221; css_animation=&#8221;rollIn&#8221; css=&#8221;.vc_custom_1632988555938{margin-bottom: -10px !important;}&#8221; custom_background_color=&#8221;#00043d&#8221;][vc_custom_heading stripe_pos=&#8221;hide&#8221; stm_title_font_weight=&#8221;600&#8243; text=&#8221;PLYN&#8221; font_container=&#8221;tag:h3|font_size:20|text_align:center|color:%2300043d&#8221; google_fonts=&#8221;font_family:Abel%3Aregular|font_style:400%20regular%3A400%3Anormal&#8221;][\/vc_column_inner][vc_column_inner width=&#8221;1\/6&#8243;][vc_icon icon_fontawesome=&#8221;stm-denver-mine&#8221; color=&#8221;white&#8221; background_style=&#8221;rounded&#8221; background_color=&#8221;custom&#8221; size=&#8221;lg&#8221; align=&#8221;center&#8221; css_animation=&#8221;rollIn&#8221; css=&#8221;.vc_custom_1632988593477{margin-bottom: -10px !important;}&#8221; custom_background_color=&#8221;#00043d&#8221;][vc_custom_heading stripe_pos=&#8221;hide&#8221; stm_title_font_weight=&#8221;600&#8243; text=&#8221;UHL\u00cd&#8221; font_container=&#8221;tag:h3|font_size:20|text_align:center|color:%2300043d&#8221; google_fonts=&#8221;font_family:Abel%3Aregular|font_style:400%20regular%3A400%3Anormal&#8221;][\/vc_column_inner][vc_column_inner width=&#8221;1\/6&#8243;][vc_icon icon_fontawesome=&#8221;stm-oil&#8221; color=&#8221;white&#8221; background_style=&#8221;rounded&#8221; background_color=&#8221;custom&#8221; size=&#8221;lg&#8221; align=&#8221;center&#8221; css_animation=&#8221;rollIn&#8221; css=&#8221;.vc_custom_1632988610759{margin-bottom: -10px !important;}&#8221; custom_background_color=&#8221;#00043d&#8221;][vc_custom_heading stripe_pos=&#8221;hide&#8221; stm_title_font_weight=&#8221;600&#8243; text=&#8221;OLEJ&#8221; font_container=&#8221;tag:h3|font_size:20|text_align:center|color:%2300043d&#8221; google_fonts=&#8221;font_family:Abel%3Aregular|font_style:400%20regular%3A400%3Anormal&#8221;][\/vc_column_inner][vc_column_inner width=&#8221;1\/6&#8243;][vc_icon type=&#8221;entypo&#8221; icon_entypo=&#8221;entypo-icon entypo-icon-air&#8221; color=&#8221;white&#8221; background_style=&#8221;rounded&#8221; background_color=&#8221;custom&#8221; size=&#8221;lg&#8221; align=&#8221;center&#8221; css_animation=&#8221;rollIn&#8221; css=&#8221;.vc_custom_1632988628576{margin-bottom: -10px !important;}&#8221; custom_background_color=&#8221;#00043d&#8221;][vc_custom_heading stripe_pos=&#8221;hide&#8221; stm_title_font_weight=&#8221;600&#8243; text=&#8221;EMISE&#8221; font_container=&#8221;tag:h3|font_size:20|text_align:center|color:%2300043d&#8221; google_fonts=&#8221;font_family:Abel%3Aregular|font_style:400%20regular%3A400%3Anormal&#8221;][\/vc_column_inner][vc_column_inner width=&#8221;1\/6&#8243;][vc_icon icon_fontawesome=&#8221;stm-certificate&#8221; color=&#8221;white&#8221; background_style=&#8221;rounded&#8221; background_color=&#8221;custom&#8221; size=&#8221;lg&#8221; align=&#8221;center&#8221; css_animation=&#8221;rollIn&#8221; css=&#8221;.vc_custom_1632988718835{margin-top: -25px !important;margin-bottom: -10px !important;}&#8221; custom_background_color=&#8221;#00043d&#8221;][vc_custom_heading stripe_pos=&#8221;hide&#8221; stm_title_font_weight=&#8221;600&#8243; text=&#8221;OSV\u011aD\u010cEN\u00cd&#8221; font_container=&#8221;tag:h3|font_size:20|text_align:center|color:%2300043d&#8221; google_fonts=&#8221;font_family:Abel%3Aregular|font_style:400%20regular%3A400%3Anormal&#8221;][\/vc_column_inner][\/vc_row_inner][\/vc_column][\/vc_row][vc_row full_width=&#8221;stretch_row&#8221; parallax=&#8221;content-moving&#8221; css=&#8221;.vc_custom_1630940238268{padding-top: 275px !important;padding-bottom: 275px !important;background-image: url(https:\/\/greenlandcommodities.com\/wp-content\/uploads\/2021\/09\/WinPanel.png?id=7410) !important;border-radius: 30px !important;}&#8221; el_class=&#8221;overlay_4 fixed_bg&#8221;][vc_column][vc_custom_heading stripe_pos=&#8221;left_right&#8221; stm_title_font_weight=&#8221;600&#8243; text=&#8221;NA\u0160E SLU\u017dBY&#8221; font_container=&#8221;tag:h3|font_size:40|text_align:center|color:%23ffffff&#8221; google_fonts=&#8221;font_family:Abel%3Aregular|font_style:400%20regular%3A400%3Anormal&#8221; css=&#8221;.vc_custom_1632989108062{margin-bottom: 50px !important;}&#8221;][vc_row_inner][vc_column_inner width=&#8221;1\/2&#8243;][stm_info_box align_center=&#8221;yes&#8221; style=&#8221;style_2&#8243; icon=&#8221;stm-stm14-arrow&#8221; title=&#8221;P\u0159\u00edstup na trh &#8221; link=&#8221;url:https%3A%2F%2Fgreenlandcommodities.com%2Fservices%2F|target:_blank&#8221; css=&#8221;.vc_custom_1637239620445{margin-bottom: 0px !important;padding-top: 30px !important;padding-right: 60px !important;padding-bottom: 60px !important;padding-left: 60px !important;}&#8221;]<\/p>\n<p style=\"text-align: center;\"><strong><i>Abychom se mohli aktivn\u011b pod\u00edlet na v\u0161ech energetick\u00fdch oborech, poskytujeme zapojen\u00fdm protistran\u00e1m p\u0159\u00edstup na trhy energetick\u00fdch komodit tak, aby mohly pohodln\u011b obchodovat prost\u0159ednictv\u00edm na\u0161ich komplexn\u00edch operac\u00ed.<\/i><\/strong><\/p>\n<p>[\/stm_info_box][\/vc_column_inner][vc_column_inner width=&#8221;1\/2&#8243;][stm_info_box align_center=&#8221;yes&#8221; style=&#8221;style_2&#8243; icon=&#8221;stm-stm14-arrow&#8221; title=&#8221;Energetick\u00fd Management&#8221; link=&#8221;url:https%3A%2F%2Fgreenlandcommodities.com%2Fservices%2F|target:_blank&#8221; css=&#8221;.vc_custom_1637160836489{margin-bottom: 0px !important;padding-top: 30px !important;padding-right: 60px !important;padding-bottom: 60px !important;padding-left: 60px !important;}&#8221;]<strong><i>Pom\u00e1h\u00e1me na\u0161im partner\u016fm optimalizovat strategie v\u00fdroby energie, abychom pos\u00edlili jejich p\u016fsoben\u00ed na energetick\u00fdch trz\u00edch. Na\u0161i zku\u0161en\u00ed kolegov\u00e9 V\u00e1m pomohou vyvinout nejlep\u0161\u00ed sc\u00e9n\u00e1\u0159e pro um\u00edst\u011bn\u00ed portfolia v n\u00e1ro\u010dn\u00e9m tr\u017en\u00edm prost\u0159ed\u00ed.<\/i><\/strong>[\/stm_info_box][\/vc_column_inner][\/vc_row_inner][\/vc_column][\/vc_row][vc_row full_width=&#8221;stretch_row&#8221; css=&#8221;.vc_custom_1633352420430{margin-top: 300px !important;margin-bottom: 300px !important;}&#8221;][vc_column stretch=&#8221;left&#8221; width=&#8221;1\/2&#8243;][vc_single_image image=&#8221;7158&#8243; img_size=&#8221;full&#8221; style=&#8221;vc_box_circle&#8221;][\/vc_column][vc_column width=&#8221;1\/2&#8243;][vc_custom_heading stripe_pos=&#8221;hide&#8221; stm_title_font_weight=&#8221;700&#8243; text=&#8221;P\u0158IJ\u00cdM\u00c1ME!&#8221; font_container=&#8221;tag:h3|font_size:40|text_align:center|color:%2300043d|line_height:1&#8243; google_fonts=&#8221;font_family:Abel%3Aregular|font_style:400%20regular%3A400%3Anormal&#8221; css=&#8221;.vc_custom_1633422080875{margin-top: 55px !important;}&#8221;][vc_custom_heading stripe_pos=&#8221;hide&#8221; stm_title_font_weight=&#8221;600&#8243; text=&#8221;Vy, vy jste s\u00edla na\u0161\u00ed udr\u017eiteln\u00e9 budoucnosti! Investujeme do v\u00e1s jako na\u0161eho z\u00e1sadn\u00edho aktiva. Poj\u010fme r\u016fst spole\u010dn\u011b!&#8221; font_container=&#8221;tag:h3|font_size:20|text_align:center|color:%2300043d&#8221; google_fonts=&#8221;font_family:Abel%3Aregular|font_style:400%20regular%3A400%3Anormal&#8221; css=&#8221;.vc_custom_1633422119461{margin-left: 36px !important;}&#8221;][vc_btn title=&#8221;Kari\u00e9ra&#8221; style=&#8221;flat&#8221; color=&#8221;theme_style_1&#8243; size=&#8221;lg&#8221; align=&#8221;center&#8221; link=&#8221;url:https%3A%2F%2Fgreenlandcommodities.com%2Fcareers%2F|title:Careers&#8221;][\/vc_column][\/vc_row][vc_row full_width=&#8221;stretch_row&#8221; css=&#8221;.vc_custom_1630940230700{margin-bottom: 100px !important;background-color: #f2f2f2 !important;border-radius: 30px !important;}&#8221;][vc_column][vc_custom_heading stripe_pos=&#8221;left_right&#8221; stm_title_font_weight=&#8221;700&#8243; text=&#8221;Greenland AnalytX&#8221; font_container=&#8221;tag:h3|font_size:40|text_align:center|color:%2300043d&#8221; google_fonts=&#8221;font_family:Abel%3Aregular|font_style:400%20regular%3A400%3Anormal&#8221; css=&#8221;.vc_custom_1637160884658{margin-top: 50px !important;margin-bottom: 100px !important;}&#8221;][vc_row_inner][vc_column_inner width=&#8221;1\/3&#8243;][vc_single_image image=&#8221;7962&#8243; img_size=&#8221;full&#8221; style=&#8221;vc_box_shadow_border&#8221;][vc_single_image image=&#8221;7972&#8243; img_size=&#8221;full&#8221; style=&#8221;vc_box_shadow_border&#8221;][\/vc_column_inner][vc_column_inner width=&#8221;1\/3&#8243;][vc_single_image image=&#8221;7976&#8243; img_size=&#8221;full&#8221; style=&#8221;vc_box_shadow_border&#8221; css=&#8221;.vc_custom_1633540332722{margin-top: 60px !important;}&#8221;][\/vc_column_inner][vc_column_inner width=&#8221;1\/3&#8243;][vc_single_image image=&#8221;7970&#8243; img_size=&#8221;full&#8221; style=&#8221;vc_box_shadow_border&#8221;][vc_single_image image=&#8221;7974&#8243; img_size=&#8221;full&#8221; style=&#8221;vc_box_shadow_border&#8221;][\/vc_column_inner][\/vc_row_inner][\/vc_column][\/vc_row]<\/p>\n","protected":false},"excerpt":{"rendered":"<p>[vc_row css=&#8221;.vc_custom_1460958899385{margin-bottom: 56px !important;}&#8221;][vc_column offset=&#8221;vc_hidden-xs&#8221;][rev_slider_vc alias=&#8221;main_slider&#8221;][\/vc_column][\/vc_row][vc_row full_width=&#8221;stretch_row&#8221; css=&#8221;.vc_custom_1630565481580{margin-top: 100px !important;margin-bottom: 100px !important;}&#8221;][vc_column][vc_custom_heading stripe_pos=&#8221;left_right&#8221; stm_title_font_weight=&#8221;900&#8243; text=&#8221;BURZOVNI D\u016eM GREENLAND&#8221; font_container=&#8221;tag:h3|font_size:40|text_align:center|color:%2300043d&#8221; google_fonts=&#8221;font_family:Abel%3Aregular|font_style:400%20regular%3A400%3Anormal&#8221; css=&#8221;.vc_custom_1637160689415{margin-bottom: 70px !important;}&#8221; link=&#8221;url:https%3A%2F%2Fgreenlandcommodities.com%2Ftrading%2F|target:_blank&#8221;][vc_custom_heading stripe_pos=&#8221;hide&#8221; text=&#8221;Greenland Commodities je rychle se rozv\u00edjej\u00edc\u00ed burzovn\u00ed d\u016fm zalo\u017een\u00fd na v\u011bd\u011b a technologii, kter\u00fd se nach\u00e1z\u00ed v sam\u00e9m srdci Evropy ( Praha, CZ ). Spojujeme na\u0161e zku\u0161enosti s mezin\u00e1rodn\u00edm obchodov\u00e1n\u00edm, s<\/p>\n","protected":false},"author":1,"featured_media":0,"parent":0,"menu_order":0,"comment_status":"closed","ping_status":"closed","template":"","meta":{"footnotes":""},"class_list":["post-8100","page","type-page","status-publish","hentry"],"_links":{"self":[{"href":"https:\/\/greenlandcommodities.com\/cs\/wp-json\/wp\/v2\/pages\/8100","targetHints":{"allow":["GET"]}}],"collection":[{"href":"https:\/\/greenlandcommodities.com\/cs\/wp-json\/wp\/v2\/pages"}],"about":[{"href":"https:\/\/greenlandcommodities.com\/cs\/wp-json\/wp\/v2\/types\/page"}],"author":[{"embeddable":true,"href":"https:\/\/greenlandcommodities.com\/cs\/wp-json\/wp\/v2\/users\/1"}],"replies":[{"embeddable":true,"href":"https:\/\/greenlandcommodities.com\/cs\/wp-json\/wp\/v2\/comments?post=8100"}],"version-history":[{"count":7,"href":"https:\/\/greenlandcommodities.com\/cs\/wp-json\/wp\/v2\/pages\/8100\/revisions"}],"predecessor-version":[{"id":8347,"href":"https:\/\/greenlandcommodities.com\/cs\/wp-json\/wp\/v2\/pages\/8100\/revisions\/8347"}],"wp:attachment":[{"href":"https:\/\/greenlandcommodities.com\/cs\/wp-json\/wp\/v2\/media?parent=8100"}],"curies":[{"name":"wp","href":"https:\/\/api.w.org\/{rel}","templated":true}]}}