{"id":8109,"date":"2021-10-20T16:28:17","date_gmt":"2021-10-20T13:28:17","guid":{"rendered":"https:\/\/greenlandcommodities.com\/o\/"},"modified":"2021-11-18T15:45:47","modified_gmt":"2021-11-18T12:45:47","slug":"o-nas","status":"publish","type":"page","link":"https:\/\/greenlandcommodities.com\/cs\/o-nas\/","title":{"rendered":"o n\u00e1s"},"content":{"rendered":"<p>[vc_row full_width=&#8221;stretch_row&#8221; css=&#8221;.vc_custom_1633458481820{margin-top: 25px !important;margin-bottom: 25px !important;padding-top: 150px !important;padding-bottom: 150px !important;background-image: url(https:\/\/greenlandcommodities.com\/wp-content\/uploads\/2021\/09\/CZ.jpg?id=7388) !important;}&#8221; el_class=&#8221;overlay_2 fixed_bg&#8221;][vc_column el_class=&#8221;white-overlay_1 fixed_bg&#8221;][vc_custom_heading stripe_pos=&#8221;hide&#8221; stm_title_font_weight=&#8221;700&#8243; text=&#8221;O N\u00c1S&#8221; font_container=&#8221;tag:h3|font_size:40|text_align:center|color:%23ffffff&#8221; google_fonts=&#8221;font_family:Abel%3Aregular|font_style:400%20regular%3A400%3Anormal&#8221;][\/vc_column][\/vc_row][vc_row full_width=&#8221;stretch_row&#8221; css=&#8221;.vc_custom_1632222835008{background-image: url(https:\/\/greenlandcommodities.com\/wp-content\/uploads\/2021\/09\/Adsiz-tasarim-1.jpg?id=7601) !important;}&#8221; el_class=&#8221;white-overlay_1 fixed_bg&#8221;][vc_column][vc_custom_heading stripe_pos=&#8221;left_right&#8221; stm_title_font_weight=&#8221;700&#8243; text=&#8221;KDO JSME&#8221; font_container=&#8221;tag:h3|font_size:30|text_align:center|color:%2300043d&#8221; google_fonts=&#8221;font_family:Abel%3Aregular|font_style:400%20regular%3A400%3Anormal&#8221; css=&#8221;.vc_custom_1633458538222{margin-top: 20px !important;margin-bottom: 25px !important;}&#8221;][vc_separator color=&#8221;blue&#8221; style=&#8221;shadow&#8221;][vc_custom_heading stripe_pos=&#8221;hide&#8221; text=&#8221;Greenland Commodities je rychle se rozv\u00edjej\u00edc\u00ed burzovn\u00ed d\u016fm zalo\u017een\u00fd na v\u011bd\u011b a technologii,<br \/>\nkter\u00fd se nach\u00e1z\u00ed v sam\u00e9m srdci Evropy (Praha, CZ)&#8221; font_container=&#8221;tag:h3|font_size:21|text_align:center|color:%23002170&#8243; google_fonts=&#8221;font_family:Abel%3Aregular|font_style:400%20regular%3A400%3Anormal&#8221; css=&#8221;.vc_custom_1637158267687{margin-top: 50px !important;}&#8221;][vc_custom_heading stripe_pos=&#8221;hide&#8221; text=&#8221;Greenland Commodities pov\u011b\u0159uje sv\u00e9 zam\u011bstnance prost\u0159ednictv\u00edm obchodn\u00edch zku\u0161enost\u00ed, mentor\u016f a strategi\u00ed s p\u0159idanou hodnotou v re\u00e1ln\u00e9m \u010dase v n\u00e1ro\u010dn\u00fdch tr\u017en\u00edch prost\u0159ed\u00edch. Jsme v\u00e1\u0161niv\u011b aktivn\u00ed a obchodujeme ka\u017edou minutu v roce.&#8221; font_container=&#8221;tag:h3|font_size:21|text_align:center|color:%23002170&#8243; google_fonts=&#8221;font_family:Abel%3Aregular|font_style:400%20regular%3A400%3Anormal&#8221;][vc_custom_heading stripe_pos=&#8221;hide&#8221; text=&#8221;Spojujeme na\u0161e zku\u0161enosti s mezin\u00e1rodn\u00edm obchodov\u00e1n\u00edm, s v\u011bdou a technologiemi podporovan\u00fdmi vzd\u011blan\u00fdmi odborn\u00edky v jejich specializovan\u00fdch oborech. Na\u0161e obchodov\u00e1n\u00ed se zam\u011b\u0159uje na tyto produkty: p\u0159edev\u0161\u00edm energetika, plyn, ropa, uhl\u00ed a certifik\u00e1ty, a to ve 20 zem\u00edch a 12 energetick\u00fdch burz\u00e1ch.&#8221; font_container=&#8221;tag:h3|font_size:21|text_align:center|color:%23002170&#8243; google_fonts=&#8221;font_family:Abel%3Aregular|font_style:400%20regular%3A400%3Anormal&#8221;][vc_custom_heading stripe_pos=&#8221;hide&#8221; text=&#8221;Obchodn\u00ed \u010dinnost\u00ed Greenland Commodities je obchodov\u00e1n\u00ed s komoditami, spr\u00e1va portfolia, spr\u00e1va elektr\u00e1ren a poskytov\u00e1n\u00ed p\u0159\u00edstupu na trh klient\u016fm na r\u016fzn\u00fdch energetick\u00fdch burz\u00e1ch.&#8221; font_container=&#8221;tag:h3|font_size:21|text_align:center|color:%23002170&#8243; google_fonts=&#8221;font_family:Abel%3Aregular|font_style:400%20regular%3A400%3Anormal&#8221; css=&#8221;.vc_custom_1637158292506{margin-bottom: -25px !important;}&#8221;][vc_custom_heading stripe_pos=&#8221;left_right&#8221; stm_title_font_weight=&#8221;700&#8243; text=&#8221;NA\u0160E HODNOTY&#8221; font_container=&#8221;tag:h3|font_size:30|text_align:center|color:%2300043d&#8221; google_fonts=&#8221;font_family:Abel%3Aregular|font_style:400%20regular%3A400%3Anormal&#8221; css=&#8221;.vc_custom_1633458546780{margin-top: 150px !important;margin-bottom: 25px !important;}&#8221;][vc_separator color=&#8221;blue&#8221; style=&#8221;shadow&#8221;][vc_row_inner css=&#8221;.vc_custom_1633458860329{margin-top: 25px !important;margin-bottom: 50px !important;}&#8221;][vc_column_inner width=&#8221;1\/4&#8243;][vc_single_image image=&#8221;7816&#8243; img_size=&#8221;full&#8221; alignment=&#8221;center&#8221; style=&#8221;vc_box_circle&#8221;][vc_custom_heading stripe_pos=&#8221;hide&#8221; stm_title_font_weight=&#8221;600&#8243; text=&#8221;Spolehlivost&#8221; font_container=&#8221;tag:h3|font_size:22|text_align:center|color:%2300043d&#8221; google_fonts=&#8221;font_family:Abel%3Aregular|font_style:400%20regular%3A400%3Anormal&#8221; css=&#8221;.vc_custom_1633336437143{margin-top: -30px !important;}&#8221;][\/vc_column_inner][vc_column_inner width=&#8221;1\/4&#8243;][vc_single_image image=&#8221;7817&#8243; img_size=&#8221;full&#8221; alignment=&#8221;center&#8221; style=&#8221;vc_box_circle&#8221;][vc_custom_heading stripe_pos=&#8221;hide&#8221; stm_title_font_weight=&#8221;600&#8243; text=&#8221;Transparentnost&#8221; font_container=&#8221;tag:h3|font_size:22|text_align:center|color:%2300043d&#8221; google_fonts=&#8221;font_family:Abel%3Aregular|font_style:400%20regular%3A400%3Anormal&#8221; css=&#8221;.vc_custom_1637158315722{margin-top: -30px !important;}&#8221;][\/vc_column_inner][vc_column_inner width=&#8221;1\/4&#8243;][vc_single_image image=&#8221;7818&#8243; img_size=&#8221;full&#8221; alignment=&#8221;center&#8221; style=&#8221;vc_box_circle&#8221;][vc_custom_heading stripe_pos=&#8221;hide&#8221; stm_title_font_weight=&#8221;600&#8243; text=&#8221;Veden\u00ed lid\u00ed&#8221; font_container=&#8221;tag:h3|font_size:22|text_align:center|color:%2300043d&#8221; google_fonts=&#8221;font_family:Abel%3Aregular|font_style:400%20regular%3A400%3Anormal&#8221; css=&#8221;.vc_custom_1633336466125{margin-top: -30px !important;}&#8221;][\/vc_column_inner][vc_column_inner width=&#8221;1\/4&#8243;][vc_single_image image=&#8221;7819&#8243; img_size=&#8221;full&#8221; alignment=&#8221;center&#8221; style=&#8221;vc_box_circle&#8221;][vc_custom_heading stripe_pos=&#8221;hide&#8221; stm_title_font_weight=&#8221;600&#8243; text=&#8221;Inovace&#8221; font_container=&#8221;tag:h3|font_size:22|text_align:center|color:%2300043d&#8221; google_fonts=&#8221;font_family:Abel%3Aregular|font_style:400%20regular%3A400%3Anormal&#8221; css=&#8221;.vc_custom_1633336471602{margin-top: -30px !important;}&#8221;][\/vc_column_inner][\/vc_row_inner][vc_custom_heading stripe_pos=&#8221;hide&#8221; text=&#8221;Na\u0161imi prim\u00e1rn\u00edmi hodnotami jsou spolehlivost, transparentnost, Veden\u00ed lid\u00ed a inovace.&#8221; font_container=&#8221;tag:h3|font_size:21|text_align:center|color:%23002170&#8243; google_fonts=&#8221;font_family:Abel%3Aregular|font_style:400%20regular%3A400%3Anormal&#8221;][vc_custom_heading stripe_pos=&#8221;hide&#8221; text=&#8221;\u0158\u00edd\u00edme sv\u00e9 podnik\u00e1n\u00ed zodpov\u011bdn\u00fdm zp\u016fsobem a domn\u00edv\u00e1me se, \u017ee postup a integrita jsou pro na\u0161e operace d\u016fle\u017eit\u00e9. B\u00fdt d\u016fv\u011bryhodn\u00fd a pracovit\u00fd v ka\u017ed\u00e9 oblasti, ve kter\u00e9 podnik\u00e1me, je z\u00e1sadn\u00edm krit\u00e9riem pro Greenland Commodities burzovn\u00ed d\u016fm&#8221; font_container=&#8221;tag:h3|font_size:21|text_align:center|color:%23002170&#8243; google_fonts=&#8221;font_family:Abel%3Aregular|font_style:400%20regular%3A400%3Anormal&#8221;][vc_custom_heading stripe_pos=&#8221;left_right&#8221; stm_title_font_weight=&#8221;700&#8243; text=&#8221;CO JE NA\u0160\u00cdM C\u00cdLEM&#8221; font_container=&#8221;tag:h3|font_size:30|text_align:center|color:%2300043d&#8221; google_fonts=&#8221;font_family:Abel%3Aregular|font_style:400%20regular%3A400%3Anormal&#8221; css=&#8221;.vc_custom_1637239517074{margin-top: 150px !important;margin-bottom: 25px !important;}&#8221;][vc_separator color=&#8221;blue&#8221; style=&#8221;shadow&#8221;][vc_single_image image=&#8221;7869&#8243; img_size=&#8221;full&#8221; alignment=&#8221;center&#8221; style=&#8221;vc_box_rounded&#8221;][vc_custom_heading stripe_pos=&#8221;hide&#8221; text=&#8221;Na\u0161\u00edm c\u00edlem je sledovat a formovat rychle se m\u011bn\u00edc\u00ed tv\u00e1\u0159 technologie ve sv\u011btle v\u011bdy b\u011bhem obchodov\u00e1n\u00ed s energetick\u00fdmi komoditami. Proto\u017ee elektrifikace nikdy nekon\u010d\u00ed; nikdy nekon\u010d\u00edme &#8211; za \u00fa\u010delem osv\u011btlen\u00ed budoucnosti na\u0161eho sv\u011bta.&#8221; font_container=&#8221;tag:h3|font_size:21|text_align:center|color:%23002170&#8243; google_fonts=&#8221;font_family:Abel%3Aregular|font_style:400%20regular%3A400%3Anormal&#8221; css=&#8221;.vc_custom_1637160538314{margin-bottom: 25px !important;}&#8221;][vc_custom_heading stripe_pos=&#8221;hide&#8221; text=&#8221;Na\u0161\u00edm p\u0159\u00edstupem je povzbudit na\u0161e nad\u0161en\u00e9 kolegy prost\u0159ednictv\u00edm p\u0159enosu celo\u017eivotn\u00edho u\u010den\u00ed a p\u0159ijet\u00edm technologick\u00e9 transformace v r\u00e1mci jejich seberealizaci. M\u00e1me v \u00famyslu roz\u0161i\u0159ovat na\u0161e znalosti a dovednosti, abychom v\u0161e vyu\u017eili pro \u0159\u00edzen\u00ed obchodov\u00e1n\u00ed v diverzifikovan\u00e9m komoditn\u00edm sv\u011bt\u011b.&#8221; font_container=&#8221;tag:h3|font_size:21|text_align:center|color:%23002170&#8243; google_fonts=&#8221;font_family:Abel%3Aregular|font_style:400%20regular%3A400%3Anormal&#8221; css=&#8221;.vc_custom_1637160544170{margin-bottom: 100px !important;}&#8221;][\/vc_column][\/vc_row]<\/p>\n","protected":false},"excerpt":{"rendered":"<p>[vc_row full_width=&#8221;stretch_row&#8221; css=&#8221;.vc_custom_1633458481820{margin-top: 25px !important;margin-bottom: 25px !important;padding-top: 150px !important;padding-bottom: 150px !important;background-image: url(https:\/\/greenlandcommodities.com\/wp-content\/uploads\/2021\/09\/CZ.jpg?id=7388) !important;}&#8221; el_class=&#8221;overlay_2 fixed_bg&#8221;][vc_column el_class=&#8221;white-overlay_1 fixed_bg&#8221;][vc_custom_heading stripe_pos=&#8221;hide&#8221; stm_title_font_weight=&#8221;700&#8243; text=&#8221;O N\u00c1S&#8221; font_container=&#8221;tag:h3|font_size:40|text_align:center|color:%23ffffff&#8221; google_fonts=&#8221;font_family:Abel%3Aregular|font_style:400%20regular%3A400%3Anormal&#8221;][\/vc_column][\/vc_row][vc_row full_width=&#8221;stretch_row&#8221; css=&#8221;.vc_custom_1632222835008{background-image: url(https:\/\/greenlandcommodities.com\/wp-content\/uploads\/2021\/09\/Adsiz-tasarim-1.jpg?id=7601) !important;}&#8221; el_class=&#8221;white-overlay_1 fixed_bg&#8221;][vc_column][vc_custom_heading stripe_pos=&#8221;left_right&#8221; stm_title_font_weight=&#8221;700&#8243; text=&#8221;KDO JSME&#8221; font_container=&#8221;tag:h3|font_size:30|text_align:center|color:%2300043d&#8221; google_fonts=&#8221;font_family:Abel%3Aregular|font_style:400%20regular%3A400%3Anormal&#8221; css=&#8221;.vc_custom_1633458538222{margin-top: 20px !important;margin-bottom: 25px !important;}&#8221;][vc_separator color=&#8221;blue&#8221; style=&#8221;shadow&#8221;][vc_custom_heading stripe_pos=&#8221;hide&#8221; text=&#8221;Greenland Commodities je rychle se rozv\u00edjej\u00edc\u00ed burzovn\u00ed d\u016fm zalo\u017een\u00fd na v\u011bd\u011b a<\/p>\n","protected":false},"author":1,"featured_media":0,"parent":0,"menu_order":0,"comment_status":"closed","ping_status":"closed","template":"","meta":{"footnotes":""},"class_list":["post-8109","page","type-page","status-publish","hentry"],"_links":{"self":[{"href":"https:\/\/greenlandcommodities.com\/cs\/wp-json\/wp\/v2\/pages\/8109","targetHints":{"allow":["GET"]}}],"collection":[{"href":"https:\/\/greenlandcommodities.com\/cs\/wp-json\/wp\/v2\/pages"}],"about":[{"href":"https:\/\/greenlandcommodities.com\/cs\/wp-json\/wp\/v2\/types\/page"}],"author":[{"embeddable":true,"href":"https:\/\/greenlandcommodities.com\/cs\/wp-json\/wp\/v2\/users\/1"}],"replies":[{"embeddable":true,"href":"https:\/\/greenlandcommodities.com\/cs\/wp-json\/wp\/v2\/comments?post=8109"}],"version-history":[{"count":5,"href":"https:\/\/greenlandcommodities.com\/cs\/wp-json\/wp\/v2\/pages\/8109\/revisions"}],"predecessor-version":[{"id":8345,"href":"https:\/\/greenlandcommodities.com\/cs\/wp-json\/wp\/v2\/pages\/8109\/revisions\/8345"}],"wp:attachment":[{"href":"https:\/\/greenlandcommodities.com\/cs\/wp-json\/wp\/v2\/media?parent=8109"}],"curies":[{"name":"wp","href":"https:\/\/api.w.org\/{rel}","templated":true}]}}