{"id":8112,"date":"2021-10-20T16:28:17","date_gmt":"2021-10-20T13:28:17","guid":{"rendered":"https:\/\/greenlandcommodities.com\/o\/nas-pristup\/"},"modified":"2021-11-17T17:09:47","modified_gmt":"2021-11-17T14:09:47","slug":"nas-pristup","status":"publish","type":"page","link":"https:\/\/greenlandcommodities.com\/cs\/o-nas\/nas-pristup\/","title":{"rendered":"N\u00e1\u0161 p\u0159\u00edstup"},"content":{"rendered":"<p>[vc_row full_width=&#8221;stretch_row&#8221; css=&#8221;.vc_custom_1633459232988{margin-right: -400px !important;margin-bottom: 100px !important;margin-left: -400px !important;padding-top: 138px !important;padding-bottom: 138px !important;background-image: url(https:\/\/greenlandcommodities.com\/wp-content\/uploads\/2021\/10\/Our-approach.jpg?id=7866) !important;}&#8221; el_class=&#8221;overlay_2&#8243;][vc_column][vc_custom_heading stripe_pos=&#8221;hide&#8221; stm_title_font_weight=&#8221;700&#8243; text=&#8221;N\u00c1\u0160 P\u0158\u00cdSTUP&#8221; font_container=&#8221;tag:h3|font_size:40|text_align:center|color:%23ffffff&#8221; google_fonts=&#8221;font_family:Abel%3Aregular|font_style:400%20regular%3A400%3Anormal&#8221;][\/vc_column][\/vc_row][vc_row full_width=&#8221;stretch_row&#8221; css=&#8221;.vc_custom_1632394485420{background-image: url(https:\/\/greenlandcommodities.com\/wp-content\/uploads\/2021\/09\/Adsiz-tasarim-1.jpg?id=7601) !important;}&#8221; el_class=&#8221;white-overlay_1 fixed_bg&#8221;][vc_column][vc_icon icon_fontawesome=&#8221;stm-mumbai_board&#8221; color=&#8221;white&#8221; background_style=&#8221;rounded-less&#8221; background_color=&#8221;custom&#8221; size=&#8221;lg&#8221; align=&#8221;center&#8221; custom_background_color=&#8221;#00043d&#8221;][vc_custom_heading stripe_pos=&#8221;hide&#8221; stm_title_font_weight=&#8221;600&#8243; text=&#8221;Dodr\u017eov\u00e1n\u00ed Postup\u016f&#8221; font_container=&#8221;tag:h3|font_size:22|text_align:center|color:%2300043d&#8221; google_fonts=&#8221;font_family:Abel%3Aregular|font_style:400%20regular%3A400%3Anormal&#8221; css_animation=&#8221;none&#8221; css=&#8221;.vc_custom_1637158000749{margin-top: -40px !important;}&#8221;][vc_separator color=&#8221;blue&#8221; style=&#8221;shadow&#8221;][vc_custom_heading stripe_pos=&#8221;hide&#8221; text=&#8221;Spole\u010dnost Greenland Commodities spolupracuje se v\u0161emi t\u00fdmy ve spole\u010dnosti aby zajistila, \u017ee intern\u00ed operace budou spr\u00e1vn\u00e9, spolehliv\u00e9 a budou v souladu s aktu\u00e1ln\u00edmi p\u0159edpisy a postupy v oblasti obchodn\u00edch a provozn\u00edch mezin\u00e1rodn\u00edch norem.&#8221; font_container=&#8221;tag:h3|font_size:21|text_align:center|color:%23002170&#8243; google_fonts=&#8221;font_family:Abel%3Aregular|font_style:400%20regular%3A400%3Anormal&#8221; css_animation=&#8221;none&#8221;][vc_custom_heading stripe_pos=&#8221;hide&#8221; text=&#8221;Abychom zajistili soulad s neust\u00e1le se m\u011bn\u00edc\u00edm regula\u010dn\u00edm prost\u0159ed\u00edm, udr\u017eujeme odpov\u011bdn\u00fd p\u0159\u00edstup, kdy v\u0161ichni na\u0161i kolegov\u00e9, jak z pr\u00e1vn\u00edho tak obchodn\u00edho sektoru, vynakl\u00e1daj\u00ed maximum, aby jednali okam\u017eit\u011b, a v souladu se z\u00e1kony a p\u0159edpisy.&#8221; font_container=&#8221;tag:h3|font_size:21|text_align:center|color:%23002170&#8243; google_fonts=&#8221;font_family:Abel%3Aregular|font_style:400%20regular%3A400%3Anormal&#8221; css_animation=&#8221;none&#8221;][vc_icon icon_fontawesome=&#8221;stm-sun_outline&#8221; color=&#8221;white&#8221; background_style=&#8221;rounded-less&#8221; background_color=&#8221;custom&#8221; size=&#8221;lg&#8221; align=&#8221;center&#8221; custom_background_color=&#8221;#00043d&#8221; css=&#8221;.vc_custom_1633373213109{margin-top: 200px !important;}&#8221;][vc_custom_heading stripe_pos=&#8221;hide&#8221; stm_title_font_weight=&#8221;600&#8243; text=&#8221;Udr\u017eitelnost&#8221; font_container=&#8221;tag:h3|font_size:22|text_align:center|color:%2300043d&#8221; google_fonts=&#8221;font_family:Abel%3Aregular|font_style:400%20regular%3A400%3Anormal&#8221; css_animation=&#8221;none&#8221; css=&#8221;.vc_custom_1637158065179{margin-top: -40px !important;}&#8221;][vc_separator color=&#8221;blue&#8221; style=&#8221;shadow&#8221;][vc_custom_heading stripe_pos=&#8221;hide&#8221; text=&#8221;Greenland Commodities tak\u00e9 podporuje, Zelenou prost\u0159ednictv\u00edm projekt\u016f, n\u00e1pad\u016f a technologi\u00ed zalo\u017een\u00fdch na m\u00e9n\u011b emis\u00edch, p\u0159i\u010dem\u017e respektuje a dodr\u017euje v\u0161echny legislativn\u00ed p\u0159edpisy za \u00fa\u010delem z\u00e1chrany na\u0161eho sv\u011bta. V\u011b\u0159\u00edme, \u017ee udr\u017eitelnost by m\u011bla b\u00fdt j\u00e1drem na\u0161eho podnik\u00e1n\u00ed. Aby byla spole\u010dnost Greenland Commodities efektivn\u00ed v oblasti zelen\u00e9 budoucnosti, pracuje na z\u00e1ruk\u00e1ch p\u016fvodu a dlouhodob\u00fdch dohod\u00e1ch o PPA na trz\u00edch obnoviteln\u00e9 energie.&#8221; font_container=&#8221;tag:h3|font_size:21|text_align:center|color:%23002170&#8243; google_fonts=&#8221;font_family:Abel%3Aregular|font_style:400%20regular%3A400%3Anormal&#8221; css_animation=&#8221;none&#8221;][vc_icon icon_fontawesome=&#8221;stm-ankara-search&#8221; color=&#8221;white&#8221; background_style=&#8221;rounded-less&#8221; background_color=&#8221;custom&#8221; size=&#8221;lg&#8221; align=&#8221;center&#8221; custom_background_color=&#8221;#00043d&#8221; css=&#8221;.vc_custom_1633373292145{margin-top: 200px !important;}&#8221;][vc_custom_heading stripe_pos=&#8221;hide&#8221; stm_title_font_weight=&#8221;600&#8243; text=&#8221;\u0158\u00edzen\u00ed Rizik &#8221; font_container=&#8221;tag:h3|font_size:22|text_align:center|color:%2300043d&#8221; google_fonts=&#8221;font_family:Abel%3Aregular|font_style:400%20regular%3A400%3Anormal&#8221; css=&#8221;.vc_custom_1637158130821{margin-top: -40px !important;}&#8221;][vc_separator color=&#8221;blue&#8221; style=&#8221;shadow&#8221;][vc_custom_heading stripe_pos=&#8221;hide&#8221; text=&#8221;Od finan\u010dn\u00edho po \u00fav\u011brov\u00e9 riziko, a od provozn\u00edho a\u017e po tr\u017en\u00ed riziko, jsou v\u0161echna rizika ned\u00edlnou sou\u010d\u00e1st\u00ed obchodov\u00e1n\u00ed s energetick\u00fdmi komoditami. Investujeme do na\u0161\u00ed IT infrastruktury prost\u0159ednictv\u00edm strategick\u00fdch syst\u00e9m\u016f Energy Trading &#038; Risk Management (ETRM) tak, abychom \u0159\u00eddili rizika v r\u00e1mci ka\u017edodenn\u00edho obchodn\u00edho \u017eivota. Zaji\u0161\u0165ujeme a kontrolujeme tak nep\u0159etr\u017eit\u00fd ka\u017edodenn\u00ed pr\u016fb\u011bh na\u0161ich \u010dinnost\u00ed v oblasti fyzick\u00e9ho i finan\u010dn\u00edho obchodov\u00e1n\u00ed s energi\u00ed.&#8221; font_container=&#8221;tag:h3|font_size:21|text_align:center|color:%23002170&#8243; google_fonts=&#8221;font_family:Abel%3Aregular|font_style:400%20regular%3A400%3Anormal&#8221;][vc_icon type=&#8221;entypo&#8221; icon_entypo=&#8221;entypo-icon entypo-icon-book-open&#8221; color=&#8221;white&#8221; background_style=&#8221;rounded-less&#8221; background_color=&#8221;custom&#8221; size=&#8221;lg&#8221; align=&#8221;center&#8221; custom_background_color=&#8221;#00043d&#8221; css=&#8221;.vc_custom_1633373412643{margin-top: 200px !important;}&#8221;][vc_custom_heading stripe_pos=&#8221;hide&#8221; stm_title_font_weight=&#8221;600&#8243; text=&#8221;Etick\u00fd Kodex&#8221; font_container=&#8221;tag:h3|font_size:22|text_align:center|color:%2300043d&#8221; google_fonts=&#8221;font_family:Abel%3Aregular|font_style:400%20regular%3A400%3Anormal&#8221; css=&#8221;.vc_custom_1637158151205{margin-top: -40px !important;}&#8221;][vc_separator color=&#8221;blue&#8221; style=&#8221;shadow&#8221;][vc_custom_heading stripe_pos=&#8221;hide&#8221; text=&#8221;Abychom si zachovali d\u016fv\u011bru v r\u00e1mci na\u0161ich vztah\u016f se v\u0161emi stranami a subjekty, jako jsou na\u0161i z\u00e1kazn\u00edci, dodavatel\u00e9 a dal\u0161\u00ed obchodn\u00ed partne\u0159i, je bez\u00fahonnost z\u00e1vazkem, kter\u00fd mus\u00ed v\u00e9st na\u0161e chov\u00e1n\u00ed nejen nad r\u00e1mec pouh\u00e9ho dodr\u017eov\u00e1n\u00ed z\u00e1kon\u016f a p\u0159edpis\u016f, ale kter\u00fd n\u00e1s vede ke spr\u00e1vn\u00e9mu rozhodnut\u00ed v jak\u00e9koliv situaci.&#8221; font_container=&#8221;tag:h3|font_size:21|text_align:center|color:%23002170&#8243; google_fonts=&#8221;font_family:Abel%3Aregular|font_style:400%20regular%3A400%3Anormal&#8221; css=&#8221;.vc_custom_1637158159641{margin-bottom: 200px !important;}&#8221;][\/vc_column][\/vc_row]<\/p>\n","protected":false},"excerpt":{"rendered":"<p>[vc_row full_width=&#8221;stretch_row&#8221; css=&#8221;.vc_custom_1633459232988{margin-right: -400px !important;margin-bottom: 100px !important;margin-left: -400px !important;padding-top: 138px !important;padding-bottom: 138px !important;background-image: url(https:\/\/greenlandcommodities.com\/wp-content\/uploads\/2021\/10\/Our-approach.jpg?id=7866) !important;}&#8221; el_class=&#8221;overlay_2&#8243;][vc_column][vc_custom_heading stripe_pos=&#8221;hide&#8221; stm_title_font_weight=&#8221;700&#8243; text=&#8221;N\u00c1\u0160 P\u0158\u00cdSTUP&#8221; font_container=&#8221;tag:h3|font_size:40|text_align:center|color:%23ffffff&#8221; google_fonts=&#8221;font_family:Abel%3Aregular|font_style:400%20regular%3A400%3Anormal&#8221;][\/vc_column][\/vc_row][vc_row full_width=&#8221;stretch_row&#8221; css=&#8221;.vc_custom_1632394485420{background-image: url(https:\/\/greenlandcommodities.com\/wp-content\/uploads\/2021\/09\/Adsiz-tasarim-1.jpg?id=7601) !important;}&#8221; el_class=&#8221;white-overlay_1 fixed_bg&#8221;][vc_column][vc_icon icon_fontawesome=&#8221;stm-mumbai_board&#8221; color=&#8221;white&#8221; background_style=&#8221;rounded-less&#8221; background_color=&#8221;custom&#8221; size=&#8221;lg&#8221; align=&#8221;center&#8221; custom_background_color=&#8221;#00043d&#8221;][vc_custom_heading stripe_pos=&#8221;hide&#8221; stm_title_font_weight=&#8221;600&#8243; text=&#8221;Dodr\u017eov\u00e1n\u00ed Postup\u016f&#8221; font_container=&#8221;tag:h3|font_size:22|text_align:center|color:%2300043d&#8221; google_fonts=&#8221;font_family:Abel%3Aregular|font_style:400%20regular%3A400%3Anormal&#8221; css_animation=&#8221;none&#8221; css=&#8221;.vc_custom_1637158000749{margin-top: -40px !important;}&#8221;][vc_separator color=&#8221;blue&#8221; style=&#8221;shadow&#8221;][vc_custom_heading stripe_pos=&#8221;hide&#8221; text=&#8221;Spole\u010dnost Greenland Commodities spolupracuje se v\u0161emi t\u00fdmy<\/p>\n","protected":false},"author":1,"featured_media":0,"parent":8109,"menu_order":0,"comment_status":"closed","ping_status":"closed","template":"","meta":{"footnotes":""},"class_list":["post-8112","page","type-page","status-publish","hentry"],"_links":{"self":[{"href":"https:\/\/greenlandcommodities.com\/cs\/wp-json\/wp\/v2\/pages\/8112","targetHints":{"allow":["GET"]}}],"collection":[{"href":"https:\/\/greenlandcommodities.com\/cs\/wp-json\/wp\/v2\/pages"}],"about":[{"href":"https:\/\/greenlandcommodities.com\/cs\/wp-json\/wp\/v2\/types\/page"}],"author":[{"embeddable":true,"href":"https:\/\/greenlandcommodities.com\/cs\/wp-json\/wp\/v2\/users\/1"}],"replies":[{"embeddable":true,"href":"https:\/\/greenlandcommodities.com\/cs\/wp-json\/wp\/v2\/comments?post=8112"}],"version-history":[{"count":4,"href":"https:\/\/greenlandcommodities.com\/cs\/wp-json\/wp\/v2\/pages\/8112\/revisions"}],"predecessor-version":[{"id":8338,"href":"https:\/\/greenlandcommodities.com\/cs\/wp-json\/wp\/v2\/pages\/8112\/revisions\/8338"}],"up":[{"embeddable":true,"href":"https:\/\/greenlandcommodities.com\/cs\/wp-json\/wp\/v2\/pages\/8109"}],"wp:attachment":[{"href":"https:\/\/greenlandcommodities.com\/cs\/wp-json\/wp\/v2\/media?parent=8112"}],"curies":[{"name":"wp","href":"https:\/\/api.w.org\/{rel}","templated":true}]}}