{"id":8119,"date":"2021-10-20T16:28:17","date_gmt":"2021-10-20T13:28:17","guid":{"rendered":"https:\/\/greenlandcommodities.com\/obchodovani\/"},"modified":"2021-11-17T17:58:13","modified_gmt":"2021-11-17T14:58:13","slug":"obchodovani","status":"publish","type":"page","link":"https:\/\/greenlandcommodities.com\/cs\/obchodovani\/","title":{"rendered":"Obchodov\u00e1n\u00ed"},"content":{"rendered":"<p>[vc_row full_width=&#8221;stretch_row&#8221; css=&#8221;.vc_custom_1633270774964{padding-top: 125px !important;padding-bottom: 125px !important;background-image: url(https:\/\/greenlandcommodities.com\/wp-content\/uploads\/2021\/10\/Trading-section.jpg?id=7730) !important;}&#8221; el_class=&#8221;overlay_4&#8243;][vc_column][vc_custom_heading stripe_pos=&#8221;hide&#8221; stm_title_font_weight=&#8221;900&#8243; text=&#8221;OBCHODOV\u00c1N\u00cd&#8221; font_container=&#8221;tag:h3|font_size:40|text_align:center|color:%23ffffff&#8221; google_fonts=&#8221;font_family:Abel%3Aregular|font_style:400%20regular%3A400%3Anormal&#8221;][\/vc_column][\/vc_row][vc_row full_width=&#8221;stretch_row&#8221; css=&#8221;.vc_custom_1633071129885{background-image: url(https:\/\/greenlandcommodities.com\/wp-content\/uploads\/2021\/09\/Adsiz-tasarim-1.jpg?id=7601) !important;border-radius: 35px !important;}&#8221; el_class=&#8221;white-overlay_1 fixed_bg&#8221;][vc_column][vc_custom_heading stripe_pos=&#8221;left_right&#8221; stm_title_font_weight=&#8221;600&#8243; text=&#8221;GREENLAND TRADING&#8221; font_container=&#8221;tag:h3|font_size:40|text_align:center|color:%2300043d&#8221; google_fonts=&#8221;font_family:Abel%3Aregular|font_style:400%20regular%3A400%3Anormal&#8221; css=&#8221;.vc_custom_1633457998431{margin-top: 100px !important;}&#8221;][vc_row_inner css=&#8221;.vc_custom_1633071148099{margin-top: 50px !important;margin-bottom: 25px !important;}&#8221;][vc_column_inner width=&#8221;1\/6&#8243;][vc_icon icon_fontawesome=&#8221;stm-denver-energy&#8221; color=&#8221;white&#8221; background_style=&#8221;rounded-less&#8221; background_color=&#8221;custom&#8221; size=&#8221;lg&#8221; align=&#8221;center&#8221; css_animation=&#8221;slideInLeft&#8221; css=&#8221;.vc_custom_1633354024505{margin-bottom: -10px !important;}&#8221; custom_background_color=&#8221;#00043d&#8221;][vc_custom_heading stm_title_font_weight=&#8221;600&#8243; text=&#8221;ENERGIE&#8221; font_container=&#8221;tag:h3|font_size:22|text_align:center|color:%2300043d&#8221; google_fonts=&#8221;font_family:Abel%3Aregular|font_style:400%20regular%3A400%3Anormal&#8221; css_animation=&#8221;none&#8221;][\/vc_column_inner][vc_column_inner width=&#8221;1\/6&#8243;][vc_icon icon_fontawesome=&#8221;fas fa-burn&#8221; color=&#8221;white&#8221; background_style=&#8221;rounded-less&#8221; background_color=&#8221;custom&#8221; size=&#8221;lg&#8221; align=&#8221;center&#8221; css_animation=&#8221;slideInDown&#8221; css=&#8221;.vc_custom_1633354029220{margin-bottom: -10px !important;}&#8221; custom_background_color=&#8221;#00043d&#8221;][vc_custom_heading stm_title_font_weight=&#8221;600&#8243; text=&#8221;PLYN&#8221; font_container=&#8221;tag:h3|font_size:22|text_align:center|color:%2300043d&#8221; google_fonts=&#8221;font_family:Abel%3Aregular|font_style:400%20regular%3A400%3Anormal&#8221; css_animation=&#8221;top-to-bottom&#8221;][\/vc_column_inner][vc_column_inner width=&#8221;1\/6&#8243;][vc_icon icon_fontawesome=&#8221;stm-denver-mine&#8221; color=&#8221;white&#8221; background_style=&#8221;rounded-less&#8221; background_color=&#8221;custom&#8221; size=&#8221;lg&#8221; align=&#8221;center&#8221; css_animation=&#8221;slideInDown&#8221; css=&#8221;.vc_custom_1633018015642{margin-bottom: -10px !important;}&#8221; custom_background_color=&#8221;#00043d&#8221;][vc_custom_heading stm_title_font_weight=&#8221;600&#8243; text=&#8221;UHL\u00cd&#8221; font_container=&#8221;tag:h3|font_size:22|text_align:center|color:%2300043d&#8221; google_fonts=&#8221;font_family:Abel%3Aregular|font_style:400%20regular%3A400%3Anormal&#8221; css_animation=&#8221;slideInDown&#8221;][\/vc_column_inner][vc_column_inner width=&#8221;1\/6&#8243;][vc_icon icon_fontawesome=&#8221;stm-oil&#8221; color=&#8221;white&#8221; background_style=&#8221;rounded-less&#8221; background_color=&#8221;custom&#8221; size=&#8221;lg&#8221; align=&#8221;center&#8221; css_animation=&#8221;slideInDown&#8221; css=&#8221;.vc_custom_1633354033186{margin-bottom: -10px !important;}&#8221; custom_background_color=&#8221;#00043d&#8221;][vc_custom_heading stm_title_font_weight=&#8221;600&#8243; text=&#8221;OLEJ&#8221; font_container=&#8221;tag:h3|font_size:22|text_align:center|color:%2300043d&#8221; google_fonts=&#8221;font_family:Abel%3Aregular|font_style:400%20regular%3A400%3Anormal&#8221; css_animation=&#8221;slideInDown&#8221;][\/vc_column_inner][vc_column_inner width=&#8221;1\/6&#8243;][vc_icon type=&#8221;entypo&#8221; icon_entypo=&#8221;entypo-icon entypo-icon-air&#8221; color=&#8221;white&#8221; background_style=&#8221;rounded-less&#8221; background_color=&#8221;custom&#8221; size=&#8221;lg&#8221; align=&#8221;center&#8221; css_animation=&#8221;slideInRight&#8221; css=&#8221;.vc_custom_1633354036962{margin-bottom: -10px !important;}&#8221; custom_background_color=&#8221;#00043d&#8221;][vc_custom_heading stm_title_font_weight=&#8221;600&#8243; text=&#8221;EMISE&#8221; font_container=&#8221;tag:h3|font_size:22|text_align:center|color:%2300043d&#8221; google_fonts=&#8221;font_family:Abel%3Aregular|font_style:400%20regular%3A400%3Anormal&#8221; css_animation=&#8221;slideInRight&#8221;][\/vc_column_inner][vc_column_inner width=&#8221;1\/6&#8243;][vc_icon icon_fontawesome=&#8221;stm-certificate&#8221; color=&#8221;white&#8221; background_style=&#8221;rounded-less&#8221; background_color=&#8221;custom&#8221; size=&#8221;lg&#8221; align=&#8221;center&#8221; css_animation=&#8221;slideInRight&#8221; css=&#8221;.vc_custom_1633354114694{margin-bottom: -10px !important;}&#8221; custom_background_color=&#8221;#00043d&#8221;][vc_custom_heading stm_title_font_weight=&#8221;600&#8243; text=&#8221;OSV\u011aD\u010cEN\u00cd&#8221; font_container=&#8221;tag:h3|font_size:22|text_align:center|color:%2300043d&#8221; google_fonts=&#8221;font_family:Abel%3Aregular|font_style:400%20regular%3A400%3Anormal&#8221; css_animation=&#8221;slideInRight&#8221;][\/vc_column_inner][\/vc_row_inner][vc_custom_heading stripe_pos=&#8221;hide&#8221; text=&#8221;Greenland Commodities je agiln\u00ed burzovn\u00ed d\u016fm specializuj\u00edc\u00ed se na obchodov\u00e1n\u00ed s energetick\u00fdmi komoditami v Evrop\u011b, USA a Asii.&#8221; font_container=&#8221;tag:h3|font_size:21|text_align:center|color:%23002170&#8243; google_fonts=&#8221;font_family:Abel%3Aregular|font_style:400%20regular%3A400%3Anormal&#8221;][vc_custom_heading stripe_pos=&#8221;hide&#8221; text=&#8221;Jsme dob\u0159e postaven\u00fd, chytr\u00fd obchodn\u00ed t\u00fdm. Jsme sestaveni za \u00fa\u010delem r\u016fstu s jedine\u010dn\u00fdm nastaven\u00edm zalo\u017een\u00fdm na v\u011bd\u011b a technologii, kterou pou\u017e\u00edv\u00e1 ka\u017ed\u00fd \u010dlen jednotliv\u00fdch odd\u011blen\u00ed k prov\u00e1d\u011bn\u00ed transakc\u00ed 7 dn\u00ed v t\u00fddnu, 24 hodin denn\u011b, ve 20 zem\u00edch, a na 12 energetick\u00fdch burz\u00e1ch.&#8221; font_container=&#8221;tag:h3|font_size:21|text_align:center|color:%23002170&#8243; google_fonts=&#8221;font_family:Abel%3Aregular|font_style:400%20regular%3A400%3Anormal&#8221; css=&#8221;.vc_custom_1637160980012{margin-bottom: 50px !important;}&#8221;][vc_single_image image=&#8221;7863&#8243; img_size=&#8221;large&#8221; alignment=&#8221;center&#8221;][vc_custom_heading stripe_pos=&#8221;hide&#8221; text=&#8221;V Greenland Commodities si u\u017e\u00edv\u00e1me ka\u017edodenn\u00ed spolupr\u00e1ci nad\u0161en\u00fdch obchodn\u00edch l\u00eddr\u016f a vzd\u011blan\u00fdch nad\u0161enc\u016f z oboru, kte\u0159\u00ed maj\u00ed mimo\u0159\u00e1dn\u00e9 obchodn\u00ed dovednosti k dosa\u017een\u00ed stanoven\u00fdch c\u00edl\u016f v tomto dlouh\u00e9m maratonu.&#8221; font_container=&#8221;tag:h3|font_size:21|text_align:center|color:%23002170&#8243; google_fonts=&#8221;font_family:Abel%3Aregular|font_style:400%20regular%3A400%3Anormal&#8221; css=&#8221;.vc_custom_1637160991670{margin-bottom: 25px !important;}&#8221;][vc_custom_heading stripe_pos=&#8221;hide&#8221; text=&#8221;Na\u0161i l\u00edd\u0159i maj\u00ed zku\u0161enosti ve sv\u00fdch specializovan\u00fdch oborech s hlubokou znalost\u00ed mechanism\u016f obchodov\u00e1n\u00ed s energetick\u00fdmi komoditami. Energie, plyn, uhl\u00ed, ropa, emise a certifik\u00e1ty &#8211; to jsou hlavn\u00ed produkty, na kter\u00e9 se zam\u011b\u0159ujeme.&#8221; font_container=&#8221;tag:h3|font_size:21|text_align:center|color:%23002170&#8243; google_fonts=&#8221;font_family:Abel%3Aregular|font_style:400%20regular%3A400%3Anormal&#8221; css=&#8221;.vc_custom_1637160997665{margin-bottom: 25px !important;}&#8221;][vc_custom_heading stripe_pos=&#8221;hide&#8221; text=&#8221;D\u00edky na\u0161im intern\u011b vyvinut\u00fdm kvantitativn\u00edm model\u016fm a profesion\u00e1ln\u00edmu Greenland t\u00fdmu hled\u00e1me p\u0159\u00edle\u017eitosti na energetick\u00fdch trz\u00edch v\u010detn\u011b jejich jednotliv\u00fdch transakc\u00ed. Na\u0161e optimaliza\u010dn\u00ed a modelovac\u00ed schopnosti n\u00e1m umo\u017e\u0148uj\u00ed vym\u00fd\u0161let autentick\u00e9 strategie pro p\u0159eshrani\u010dn\u00ed obchodov\u00e1n\u00ed s elekt\u0159inou a plynem.&#8221; font_container=&#8221;tag:h3|font_size:21|text_align:center|color:%23002170&#8243; google_fonts=&#8221;font_family:Abel%3Aregular|font_style:400%20regular%3A400%3Anormal&#8221; css=&#8221;.vc_custom_1637161004152{margin-bottom: 25px !important;}&#8221;][vc_custom_heading stripe_pos=&#8221;hide&#8221; text=&#8221;Zpracov\u00e1v\u00e1me a analyzujeme obrovsk\u00e9 mno\u017estv\u00ed dat t\u00edm, \u017ee vyu\u017e\u00edv\u00e1me v\u00fdhody v\u011bdy a vybran\u00e9 technologie v ka\u017ed\u00e9m kroku obchodov\u00e1n\u00ed.<br \/>\nSpol\u00e9h\u00e1me na na\u0161i silnou anal\u00fdzu dat, kvantitativn\u00ed schopnosti a datov\u00e9 syst\u00e9my v re\u00e1ln\u00e9m \u010dase, kter\u00e9 n\u00e1m poskytuj\u00ed jen ti njelep\u0161\u00ed datovi v\u011bdci a in\u017een\u00fd\u0159i.&#8221; font_container=&#8221;tag:h3|font_size:21|text_align:center|color:%23002170&#8243; google_fonts=&#8221;font_family:Abel%3Aregular|font_style:400%20regular%3A400%3Anormal&#8221; css=&#8221;.vc_custom_1637161021672{margin-bottom: 50px !important;}&#8221;][\/vc_column][\/vc_row][vc_row][vc_column][stm_image_carousel h_centered=&#8221;yes&#8221; img_size=&#8221;full&#8221; style=&#8221;style_3&#8243; autoplay=&#8221;yes&#8221; loop=&#8221;yes&#8221; smart_speed=&#8221;200&#8243; items=&#8221;4&#8243; items_small_desktop=&#8221;3&#8243; items_tablet=&#8221;2&#8243; images=&#8221;7336,7337,7338,7340,7557&#8243; css=&#8221;.vc_custom_1631534870198{margin-bottom: 25px !important;padding-top: 50px !important;padding-bottom: 50px !important;}&#8221;][\/vc_column][\/vc_row][vc_row full_width=&#8221;stretch_row&#8221; video_bg=&#8221;yes&#8221; video_bg_parallax=&#8221;content-moving&#8221; parallax_speed_video=&#8221;1&#8243; el_class=&#8221;video_overlay&#8221; css=&#8221;.vc_custom_1630401346218{margin-top: 50px !important;margin-bottom: -60px !important;padding-top: 82px !important;padding-bottom: 125px !important;}&#8221;][vc_column][vc_custom_heading stripe_pos=&#8221;hide&#8221; stm_title_font_weight=&#8221;600&#8243; text=&#8221;Obchodujte na cest\u00e1ch!&#8221; font_container=&#8221;tag:h3|font_size:40|text_align:center|color:%23ffffff&#8221; google_fonts=&#8221;font_family:Abel%3Aregular|font_style:400%20regular%3A400%3Anormal&#8221; css=&#8221;.vc_custom_1637161064999{margin-bottom: 20px !important;}&#8221;][vc_btn title=&#8221;na\u0161e slu\u017eby&#8221; style=&#8221;flat&#8221; align=&#8221;center&#8221; link=&#8221;url:https%3A%2F%2Fgreenlandcommodities.com%2Fservices%2F&#8221;][\/vc_column][\/vc_row]<\/p>\n","protected":false},"excerpt":{"rendered":"<p>[vc_row full_width=&#8221;stretch_row&#8221; css=&#8221;.vc_custom_1633270774964{padding-top: 125px !important;padding-bottom: 125px !important;background-image: url(https:\/\/greenlandcommodities.com\/wp-content\/uploads\/2021\/10\/Trading-section.jpg?id=7730) !important;}&#8221; el_class=&#8221;overlay_4&#8243;][vc_column][vc_custom_heading stripe_pos=&#8221;hide&#8221; stm_title_font_weight=&#8221;900&#8243; text=&#8221;OBCHODOV\u00c1N\u00cd&#8221; font_container=&#8221;tag:h3|font_size:40|text_align:center|color:%23ffffff&#8221; google_fonts=&#8221;font_family:Abel%3Aregular|font_style:400%20regular%3A400%3Anormal&#8221;][\/vc_column][\/vc_row][vc_row full_width=&#8221;stretch_row&#8221; css=&#8221;.vc_custom_1633071129885{background-image: url(https:\/\/greenlandcommodities.com\/wp-content\/uploads\/2021\/09\/Adsiz-tasarim-1.jpg?id=7601) !important;border-radius: 35px !important;}&#8221; el_class=&#8221;white-overlay_1 fixed_bg&#8221;][vc_column][vc_custom_heading stripe_pos=&#8221;left_right&#8221; stm_title_font_weight=&#8221;600&#8243; text=&#8221;GREENLAND TRADING&#8221; font_container=&#8221;tag:h3|font_size:40|text_align:center|color:%2300043d&#8221; google_fonts=&#8221;font_family:Abel%3Aregular|font_style:400%20regular%3A400%3Anormal&#8221; css=&#8221;.vc_custom_1633457998431{margin-top: 100px !important;}&#8221;][vc_row_inner css=&#8221;.vc_custom_1633071148099{margin-top: 50px !important;margin-bottom: 25px !important;}&#8221;][vc_column_inner width=&#8221;1\/6&#8243;][vc_icon icon_fontawesome=&#8221;stm-denver-energy&#8221; color=&#8221;white&#8221; background_style=&#8221;rounded-less&#8221; background_color=&#8221;custom&#8221; size=&#8221;lg&#8221; align=&#8221;center&#8221; css_animation=&#8221;slideInLeft&#8221; css=&#8221;.vc_custom_1633354024505{margin-bottom: -10px !important;}&#8221; custom_background_color=&#8221;#00043d&#8221;][vc_custom_heading stm_title_font_weight=&#8221;600&#8243; text=&#8221;ENERGIE&#8221; font_container=&#8221;tag:h3|font_size:22|text_align:center|color:%2300043d&#8221; google_fonts=&#8221;font_family:Abel%3Aregular|font_style:400%20regular%3A400%3Anormal&#8221; css_animation=&#8221;none&#8221;][\/vc_column_inner][vc_column_inner width=&#8221;1\/6&#8243;][vc_icon<\/p>\n","protected":false},"author":1,"featured_media":0,"parent":0,"menu_order":0,"comment_status":"closed","ping_status":"closed","template":"","meta":{"footnotes":""},"class_list":["post-8119","page","type-page","status-publish","hentry"],"_links":{"self":[{"href":"https:\/\/greenlandcommodities.com\/cs\/wp-json\/wp\/v2\/pages\/8119","targetHints":{"allow":["GET"]}}],"collection":[{"href":"https:\/\/greenlandcommodities.com\/cs\/wp-json\/wp\/v2\/pages"}],"about":[{"href":"https:\/\/greenlandcommodities.com\/cs\/wp-json\/wp\/v2\/types\/page"}],"author":[{"embeddable":true,"href":"https:\/\/greenlandcommodities.com\/cs\/wp-json\/wp\/v2\/users\/1"}],"replies":[{"embeddable":true,"href":"https:\/\/greenlandcommodities.com\/cs\/wp-json\/wp\/v2\/comments?post=8119"}],"version-history":[{"count":4,"href":"https:\/\/greenlandcommodities.com\/cs\/wp-json\/wp\/v2\/pages\/8119\/revisions"}],"predecessor-version":[{"id":8342,"href":"https:\/\/greenlandcommodities.com\/cs\/wp-json\/wp\/v2\/pages\/8119\/revisions\/8342"}],"wp:attachment":[{"href":"https:\/\/greenlandcommodities.com\/cs\/wp-json\/wp\/v2\/media?parent=8119"}],"curies":[{"name":"wp","href":"https:\/\/api.w.org\/{rel}","templated":true}]}}