{"id":8127,"date":"2021-10-20T16:28:17","date_gmt":"2021-10-20T13:28:17","guid":{"rendered":"https:\/\/greenlandcommodities.com\/kontaktujte-nas\/"},"modified":"2022-08-26T11:05:19","modified_gmt":"2022-08-26T08:05:19","slug":"kontaktujte-nas","status":"publish","type":"page","link":"https:\/\/greenlandcommodities.com\/cs\/kontaktujte-nas\/","title":{"rendered":"Kontaktujte n\u00e1s"},"content":{"rendered":"<p>[vc_row full_width=&#8221;stretch_row&#8221; el_class=&#8221;white-overlay_1 fixed_bg&#8221; css=&#8221;.vc_custom_1633438668960{background-image: url(https:\/\/greenlandcommodities.com\/wp-content\/uploads\/2021\/09\/Adsiz-tasarim-1.jpg?id=7601) !important;}&#8221;][vc_column][vc_tta_tabs spacing=&#8221;&#8221; active_section=&#8221;1&#8243; no_fill_content_area=&#8221;true&#8221; el_class=&#8221;theme_style&#8221;][vc_tta_section title=&#8221;Praha\/CZ&#8221; tab_id=&#8221;1633431048398-125cd198-fbb2&#8243;][vc_custom_heading stm_title_font_weight=&#8221;600&#8243; text=&#8221;Greenland Commodities &#8211; Kancel\u00e1\u0159 Praha&#8221; font_container=&#8221;tag:h3|font_size:30|text_align:center&#8221; google_fonts=&#8221;font_family:Abel%3Aregular|font_style:400%20regular%3A400%3Anormal&#8221;][vc_row_inner css=&#8221;.vc_custom_1633431756662{border-radius: 5px !important;}&#8221;][vc_column_inner width=&#8221;1\/3&#8243;][vc_single_image image=&#8221;7706&#8243; img_size=&#8221;350&#215;330&#8243; style=&#8221;vc_box_circle_2&#8243;][\/vc_column_inner][vc_column_inner width=&#8221;1\/3&#8243;][vc_custom_heading stm_title_font_weight=&#8221;600&#8243; text=&#8221;Kontakty&#8221; font_container=&#8221;tag:h3|font_size:22|text_align:left&#8221; google_fonts=&#8221;font_family:Abel%3Aregular|font_style:400%20regular%3A400%3Anormal&#8221; css=&#8221;.vc_custom_1637069439777{padding-bottom: 20px !important;}&#8221;][stm_contact name=&#8221;Lidsk\u00e9 Zdroje&#8221; email=&#8221;hr@grenlandcommodities.com&#8221; image=&#8221;7897&#8243;][stm_contact name=&#8221;Obchodn\u00ed Odd\u011blen\u00ed&#8221; email=&#8221;trading@greenlandcommodities.com&#8221; image=&#8221;7898&#8243;][\/vc_column_inner][vc_column_inner width=&#8221;1\/3&#8243;][vc_custom_heading stm_title_font_weight=&#8221;600&#8243; text=&#8221;Detaily&#8221; font_container=&#8221;tag:h3|font_size:22|text_align:left&#8221; google_fonts=&#8221;font_family:Abel%3Aregular|font_style:400%20regular%3A400%3Anormal&#8221; css=&#8221;.vc_custom_1637069538279{padding-bottom: 20px !important;}&#8221;][vc_custom_heading icon=&#8221;fas fa-phone-square-alt&#8221; icon_size=&#8221;35&#8243; stripe_pos=&#8221;hide&#8221; text=&#8221;+420 222 944 999&#8243; font_container=&#8221;tag:h3|font_size:20|text_align:left&#8221; google_fonts=&#8221;font_family:Abel%3Aregular|font_style:400%20regular%3A400%3Anormal&#8221; css=&#8221;.vc_custom_1661501125567{margin-bottom: 20px !important;}&#8221;][vc_custom_heading icon=&#8221;fas fa-envelope-square&#8221; icon_size=&#8221;35&#8243; stripe_pos=&#8221;hide&#8221; text=&#8221;info@greenlandcommodities.com&#8221; font_container=&#8221;tag:h3|font_size:20|text_align:left&#8221; google_fonts=&#8221;font_family:Abel%3Aregular|font_style:400%20regular%3A400%3Anormal&#8221;][stm_spacing lg_spacing=&#8221;15&#8243; md_spacing=&#8221;13&#8243; sm_spacing=&#8221;11&#8243; xs_spacing=&#8221;9&#8243;][vc_custom_heading icon=&#8221;fas fa-map-marker-alt&#8221; icon_size=&#8221;35&#8243; stripe_pos=&#8221;hide&#8221; text=&#8221;City Point, Hvezdova<br \/>\n1689\/2A, Praha 4&#8243; font_container=&#8221;tag:h3|font_size:20|text_align:left&#8221; google_fonts=&#8221;font_family:Abel%3Aregular|font_style:400%20regular%3A400%3Anormal&#8221;][stm_contacts_widget style=&#8221;style_4&#8243; twitter=&#8221;https:\/\/twitter.com\/GLcommodities&#8221; linkedin=&#8221;https:\/\/www.linkedin.com\/company\/greenlandcommodities\/mycompany\/&#8221;][\/vc_column_inner][\/vc_row_inner][vc_gmaps link=&#8221;#E-8_JTNDaWZyYW1lJTIwc3JjJTNEJTIyaHR0cHMlM0ElMkYlMkZ3d3cuZ29vZ2xlLmNvbSUyRm1hcHMlMkZlbWJlZCUzRnBiJTNEJTIxMW0xNCUyMTFtOCUyMTFtMyUyMTFkMTAyNDcuNTY1NTQ5NTE5MjMxJTIxMmQxNC40MzYwNDczJTIxM2Q1MC4wNTA4NjU5JTIxM20yJTIxMWkxMDI0JTIxMmk3NjglMjE0ZjEzLjElMjEzbTMlMjExbTIlMjExczB4MCUyNTNBMHhhNmI5OTZjODJlMjVjNTFmJTIxMnNHcmVlbmxhbmQlMjUyMENvbW1vZGl0aWVzJTIxNWUwJTIxM20yJTIxMXN0ciUyMTJzdHIlMjE0djE2MzQ3MTcwNTcwNjQlMjE1bTIlMjExc3RyJTIxMnN0ciUyMiUyMHdpZHRoJTNEJTIyNjAwJTIyJTIwaGVpZ2h0JTNEJTIyNDUwJTIyJTIwc3R5bGUlM0QlMjJib3JkZXIlM0EwJTNCJTIyJTIwYWxsb3dmdWxsc2NyZWVuJTNEJTIyJTIyJTIwbG9hZGluZyUzRCUyMmxhenklMjIlM0UlM0MlMkZpZnJhbWUlM0U=&#8221; css=&#8221;.vc_custom_1634717064610{margin-top: 25px !important;}&#8221;][\/vc_tta_section][vc_tta_section title=&#8221;Istanbul\/TR&#8221; tab_id=&#8221;1633431048398-9eef0d3b-f0c2&#8243;][vc_custom_heading stm_title_font_weight=&#8221;600&#8243; text=&#8221;Greenland Commodities &#8211; Kancel\u00e1\u0159 Istanbul&#8221; font_container=&#8221;tag:h3|font_size:30|text_align:center&#8221; google_fonts=&#8221;font_family:Abel%3Aregular|font_style:400%20regular%3A400%3Anormal&#8221;][vc_row_inner css=&#8221;.vc_custom_1633431756662{border-radius: 5px !important;}&#8221;][vc_column_inner width=&#8221;1\/3&#8243;][vc_single_image image=&#8221;7826&#8243; img_size=&#8221;350&#215;330&#8243; style=&#8221;vc_box_circle_2&#8243;][\/vc_column_inner][vc_column_inner width=&#8221;1\/3&#8243;][vc_custom_heading stm_title_font_weight=&#8221;600&#8243; text=&#8221;Kontakty&#8221; font_container=&#8221;tag:h3|font_size:22|text_align:left&#8221; google_fonts=&#8221;font_family:Abel%3Aregular|font_style:400%20regular%3A400%3Anormal&#8221; css=&#8221;.vc_custom_1637069448388{padding-bottom: 20px !important;}&#8221;][stm_contact name=&#8221;Lidsk\u00e9 Zdroje&#8221; email=&#8221;hr@grenlandcommodities.com&#8221; image=&#8221;7897&#8243;][stm_contact name=&#8221;Obchodn\u00ed Odd\u011blen\u00ed&#8221; email=&#8221;trading@greenlandcommodities.com&#8221; image=&#8221;7898&#8243;][\/vc_column_inner][vc_column_inner width=&#8221;1\/3&#8243;][vc_custom_heading stm_title_font_weight=&#8221;600&#8243; text=&#8221;Detaily&#8221; font_container=&#8221;tag:h3|font_size:22|text_align:left&#8221; google_fonts=&#8221;font_family:Abel%3Aregular|font_style:400%20regular%3A400%3Anormal&#8221; css=&#8221;.vc_custom_1637069532923{padding-bottom: 20px !important;}&#8221;][vc_custom_heading icon=&#8221;fas fa-phone-square-alt&#8221; icon_size=&#8221;35&#8243; stripe_pos=&#8221;hide&#8221; text=&#8221;+90 216 784 79 30&#8243; font_container=&#8221;tag:h3|font_size:20|text_align:left&#8221; google_fonts=&#8221;font_family:Abel%3Aregular|font_style:400%20regular%3A400%3Anormal&#8221;][stm_spacing lg_spacing=&#8221;10&#8243; md_spacing=&#8221;9&#8243; sm_spacing=&#8221;8&#8243; xs_spacing=&#8221;7&#8243;][vc_custom_heading icon=&#8221;fas fa-envelope-square&#8221; icon_size=&#8221;35&#8243; stripe_pos=&#8221;hide&#8221; text=&#8221;info@greenlandcommodities.com&#8221; font_container=&#8221;tag:h3|font_size:20|text_align:left&#8221; google_fonts=&#8221;font_family:Abel%3Aregular|font_style:400%20regular%3A400%3Anormal&#8221;][stm_spacing lg_spacing=&#8221;10&#8243; md_spacing=&#8221;9&#8243; sm_spacing=&#8221;8&#8243; xs_spacing=&#8221;7&#8243;][vc_custom_heading icon=&#8221;fas fa-map-marker-alt&#8221; icon_size=&#8221;35&#8243; stripe_pos=&#8221;hide&#8221; text=&#8221;Barbaros Mah. Begonya Sok. Nida Kule Kuzey No: 3\/188 Atasehir\/Istanbul&#8221; font_container=&#8221;tag:h3|font_size:19|text_align:left&#8221; google_fonts=&#8221;font_family:Abel%3Aregular|font_style:400%20regular%3A400%3Anormal&#8221;][stm_contacts_widget style=&#8221;style_4&#8243; twitter=&#8221;https:\/\/twitter.com\/GLcommodities&#8221; linkedin=&#8221;https:\/\/www.linkedin.com\/company\/greenlandcommodities\/mycompany\/&#8221;][\/vc_column_inner][\/vc_row_inner][vc_gmaps link=&#8221;#E-8_JTNDaWZyYW1lJTIwc3JjJTNEJTIyaHR0cHMlM0ElMkYlMkZ3d3cuZ29vZ2xlLmNvbSUyRm1hcHMlMkZlbWJlZCUzRnBiJTNEJTIxMW0xNCUyMTFtOCUyMTFtMyUyMTFkNDI1OC40Mzk0MjQ1MDYwNiUyMTJkMjkuMDk5MTcxODk1NjMxNTkyJTIxM2Q0MC45OTk2MjE2NTQ3Mjk5NiUyMTNtMiUyMTFpMTAyNCUyMTJpNzY4JTIxNGYxMy4xJTIxM20zJTIxMW0yJTIxMXMweDAlMjUzQTB4NWQzYWMwNzM1ZmRmNjhlYSUyMTJzR3JlZW5sYW5kJTI1MjBDb21tb2RpdGllcyUyMTVlMCUyMTNtMiUyMTFzdHIlMjEyc3RyJTIxNHYxNjM1MjQwNDA3OTQwJTIxNW0yJTIxMXN0ciUyMTJzdHIlMjIlMjB3aWR0aCUzRCUyMjYwMCUyMiUyMGhlaWdodCUzRCUyMjQ1MCUyMiUyMHN0eWxlJTNEJTIyYm9yZGVyJTNBMCUzQiUyMiUyMGFsbG93ZnVsbHNjcmVlbiUzRCUyMiUyMiUyMGxvYWRpbmclM0QlMjJsYXp5JTIyJTNFJTNDJTJGaWZyYW1lJTNF&#8221; css=&#8221;.vc_custom_1635242682285{margin-top: 25px !important;}&#8221;][\/vc_tta_section][vc_tta_section title=&#8221;Z\u00e1h\u0159eb\/HR&#8221; tab_id=&#8221;1633432538291-b2a15522-e7e5&#8243;][vc_custom_heading stm_title_font_weight=&#8221;600&#8243; text=&#8221;Greenland Commodities &#8211; Kancel\u00e1\u0159 Z\u00e1h\u0159eb&#8221; font_container=&#8221;tag:h3|font_size:30|text_align:center&#8221; google_fonts=&#8221;font_family:Abel%3Aregular|font_style:400%20regular%3A400%3Anormal&#8221;][vc_row_inner css=&#8221;.vc_custom_1633431756662{border-radius: 5px !important;}&#8221;][vc_column_inner width=&#8221;1\/3&#8243;][vc_single_image image=&#8221;7896&#8243; img_size=&#8221;350&#215;330&#8243; style=&#8221;vc_box_circle_2&#8243;][\/vc_column_inner][vc_column_inner width=&#8221;1\/3&#8243;][vc_custom_heading stm_title_font_weight=&#8221;600&#8243; text=&#8221;Kontakty&#8221; font_container=&#8221;tag:h3|font_size:22|text_align:left&#8221; google_fonts=&#8221;font_family:Abel%3Aregular|font_style:400%20regular%3A400%3Anormal&#8221; css=&#8221;.vc_custom_1637069453532{padding-bottom: 20px !important;}&#8221;][stm_contact name=&#8221;Lidsk\u00e9 Zdroje&#8221; email=&#8221;hr@grenlandcommodities.com&#8221; image=&#8221;7897&#8243;][stm_contact name=&#8221;Obchodn\u00ed Odd\u011blen\u00ed&#8221; email=&#8221;trading@greenlandcommodities.com&#8221; image=&#8221;7898&#8243;][\/vc_column_inner][vc_column_inner width=&#8221;1\/3&#8243;][vc_custom_heading stm_title_font_weight=&#8221;600&#8243; text=&#8221;Detaily&#8221; font_container=&#8221;tag:h3|font_size:22|text_align:left&#8221; google_fonts=&#8221;font_family:Abel%3Aregular|font_style:400%20regular%3A400%3Anormal&#8221; css=&#8221;.vc_custom_1637069525395{padding-bottom: 20px !important;}&#8221;][vc_custom_heading icon=&#8221;fas fa-envelope-square&#8221; icon_size=&#8221;35&#8243; stripe_pos=&#8221;hide&#8221; text=&#8221;info@greenlandcommodities.com&#8221; font_container=&#8221;tag:h3|font_size:20|text_align:left&#8221; google_fonts=&#8221;font_family:Abel%3Aregular|font_style:400%20regular%3A400%3Anormal&#8221;][stm_spacing lg_spacing=&#8221;15&#8243; md_spacing=&#8221;13&#8243; sm_spacing=&#8221;11&#8243; xs_spacing=&#8221;9&#8243;][vc_custom_heading icon=&#8221;fas fa-map-marker-alt&#8221; icon_size=&#8221;35&#8243; stripe_pos=&#8221;hide&#8221; text=&#8221;Josipa Stadlera 76 Z\u00e1h\u0159eb\/Chorvatsko&#8221; font_container=&#8221;tag:h3|font_size:20|text_align:left&#8221; google_fonts=&#8221;font_family:Abel%3Aregular|font_style:400%20regular%3A400%3Anormal&#8221;][stm_spacing lg_spacing=&#8221;15&#8243; md_spacing=&#8221;13&#8243; sm_spacing=&#8221;11&#8243; xs_spacing=&#8221;9&#8243;][stm_contacts_widget style=&#8221;style_4&#8243; twitter=&#8221;https:\/\/twitter.com\/GLcommodities&#8221; linkedin=&#8221;https:\/\/www.linkedin.com\/company\/greenlandcommodities\/mycompany\/&#8221;][\/vc_column_inner][\/vc_row_inner][vc_gmaps link=&#8221;#E-8_JTNDaWZyYW1lJTIwc3JjJTNEJTIyaHR0cHMlM0ElMkYlMkZ3d3cuZ29vZ2xlLmNvbSUyRm1hcHMlMkZlbWJlZCUzRnBiJTNEJTIxMW0xNCUyMTFtOCUyMTFtMyUyMTFkMTExMTkuMTAzNTMzMDgyNTI3JTIxMmQxNi4wNzQ2ODU5JTIxM2Q0NS44MzU3NjklMjEzbTIlMjExaTEwMjQlMjEyaTc2OCUyMTRmMTMuMSUyMTNtMyUyMTFtMiUyMTFzMHgwJTI1M0EweDJlMmE1MmYzYTBkMzA1MTclMjEyc0dyZWVubGFuZCUyNTIwQ29tbW9kaXRpZXMlMjE1ZTAlMjEzbTIlMjExc3RyJTIxMnN0ciUyMTR2MTYzNDcxNzAzNDgwNyUyMTVtMiUyMTFzdHIlMjEyc3RyJTIyJTIwd2lkdGglM0QlMjI2MDAlMjIlMjBoZWlnaHQlM0QlMjI0NTAlMjIlMjBzdHlsZSUzRCUyMmJvcmRlciUzQTAlM0IlMjIlMjBhbGxvd2Z1bGxzY3JlZW4lM0QlMjIlMjIlMjBsb2FkaW5nJTNEJTIybGF6eSUyMiUzRSUzQyUyRmlmcmFtZSUzRQ==&#8221; css=&#8221;.vc_custom_1634717040653{margin-top: 25px !important;}&#8221;][\/vc_tta_section][\/vc_tta_tabs][\/vc_column][\/vc_row]<\/p>\n","protected":false},"excerpt":{"rendered":"<p>[vc_row full_width=&#8221;stretch_row&#8221; el_class=&#8221;white-overlay_1 fixed_bg&#8221; css=&#8221;.vc_custom_1633438668960{background-image: url(https:\/\/greenlandcommodities.com\/wp-content\/uploads\/2021\/09\/Adsiz-tasarim-1.jpg?id=7601) !important;}&#8221;][vc_column][vc_tta_tabs spacing=&#8221;&#8221; active_section=&#8221;1&#8243; no_fill_content_area=&#8221;true&#8221; el_class=&#8221;theme_style&#8221;][vc_tta_section title=&#8221;Praha\/CZ&#8221; tab_id=&#8221;1633431048398-125cd198-fbb2&#8243;][vc_custom_heading stm_title_font_weight=&#8221;600&#8243; text=&#8221;Greenland Commodities &#8211; Kancel\u00e1\u0159 Praha&#8221; font_container=&#8221;tag:h3|font_size:30|text_align:center&#8221; google_fonts=&#8221;font_family:Abel%3Aregular|font_style:400%20regular%3A400%3Anormal&#8221;][vc_row_inner css=&#8221;.vc_custom_1633431756662{border-radius: 5px !important;}&#8221;][vc_column_inner width=&#8221;1\/3&#8243;][vc_single_image image=&#8221;7706&#8243; img_size=&#8221;350&#215;330&#8243; style=&#8221;vc_box_circle_2&#8243;][\/vc_column_inner][vc_column_inner width=&#8221;1\/3&#8243;][vc_custom_heading stm_title_font_weight=&#8221;600&#8243; text=&#8221;Kontakty&#8221; font_container=&#8221;tag:h3|font_size:22|text_align:left&#8221; google_fonts=&#8221;font_family:Abel%3Aregular|font_style:400%20regular%3A400%3Anormal&#8221; css=&#8221;.vc_custom_1637069439777{padding-bottom: 20px !important;}&#8221;][stm_contact name=&#8221;Lidsk\u00e9 Zdroje&#8221; email=&#8221;hr@grenlandcommodities.com&#8221; image=&#8221;7897&#8243;][stm_contact name=&#8221;Obchodn\u00ed Odd\u011blen\u00ed&#8221; email=&#8221;trading@greenlandcommodities.com&#8221; image=&#8221;7898&#8243;][\/vc_column_inner][vc_column_inner width=&#8221;1\/3&#8243;][vc_custom_heading stm_title_font_weight=&#8221;600&#8243; text=&#8221;Detaily&#8221; font_container=&#8221;tag:h3|font_size:22|text_align:left&#8221; google_fonts=&#8221;font_family:Abel%3Aregular|font_style:400%20regular%3A400%3Anormal&#8221; css=&#8221;.vc_custom_1637069538279{padding-bottom: 20px !important;}&#8221;][vc_custom_heading icon=&#8221;fas fa-phone-square-alt&#8221; icon_size=&#8221;35&#8243;<\/p>\n","protected":false},"author":1,"featured_media":0,"parent":0,"menu_order":0,"comment_status":"closed","ping_status":"closed","template":"","meta":{"footnotes":""},"class_list":["post-8127","page","type-page","status-publish","hentry"],"_links":{"self":[{"href":"https:\/\/greenlandcommodities.com\/cs\/wp-json\/wp\/v2\/pages\/8127","targetHints":{"allow":["GET"]}}],"collection":[{"href":"https:\/\/greenlandcommodities.com\/cs\/wp-json\/wp\/v2\/pages"}],"about":[{"href":"https:\/\/greenlandcommodities.com\/cs\/wp-json\/wp\/v2\/types\/page"}],"author":[{"embeddable":true,"href":"https:\/\/greenlandcommodities.com\/cs\/wp-json\/wp\/v2\/users\/1"}],"replies":[{"embeddable":true,"href":"https:\/\/greenlandcommodities.com\/cs\/wp-json\/wp\/v2\/comments?post=8127"}],"version-history":[{"count":9,"href":"https:\/\/greenlandcommodities.com\/cs\/wp-json\/wp\/v2\/pages\/8127\/revisions"}],"predecessor-version":[{"id":8371,"href":"https:\/\/greenlandcommodities.com\/cs\/wp-json\/wp\/v2\/pages\/8127\/revisions\/8371"}],"wp:attachment":[{"href":"https:\/\/greenlandcommodities.com\/cs\/wp-json\/wp\/v2\/media?parent=8127"}],"curies":[{"name":"wp","href":"https:\/\/api.w.org\/{rel}","templated":true}]}}