{"id":8131,"date":"2021-10-20T16:28:17","date_gmt":"2021-10-20T13:28:17","guid":{"rendered":"https:\/\/greenlandcommodities.com\/kariera\/"},"modified":"2021-11-18T15:45:07","modified_gmt":"2021-11-18T12:45:07","slug":"kariera","status":"publish","type":"page","link":"https:\/\/greenlandcommodities.com\/cs\/kariera\/","title":{"rendered":"Kari\u00e9ra"},"content":{"rendered":"<p>[vc_row full_width=&#8221;stretch_row&#8221; css=&#8221;.vc_custom_1633459676943{margin-right: -400px !important;margin-left: -400px !important;padding-top: 138px !important;padding-bottom: 135px !important;background-image: url(https:\/\/greenlandcommodities.com\/wp-content\/uploads\/2021\/10\/welcome-to-gc-career.jpg?id=7906) !important;}&#8221; el_class=&#8221;overlay_4&#8243;][vc_column][vc_custom_heading stripe_pos=&#8221;hide&#8221; stm_title_font_weight=&#8221;700&#8243; text=&#8221;KARI\u00c9RA&#8221; font_container=&#8221;tag:h3|font_size:40|text_align:center|color:%23ffffff&#8221; google_fonts=&#8221;font_family:Abel%3Aregular|font_style:400%20regular%3A400%3Anormal&#8221;][\/vc_column][\/vc_row][vc_row full_width=&#8221;stretch_row&#8221; el_class=&#8221;white-overlay_1 fixed_bg&#8221; css=&#8221;.vc_custom_1633437321006{margin-top: 100px !important;background-image: url(https:\/\/greenlandcommodities.com\/wp-content\/uploads\/2021\/09\/Adsiz-tasarim-1.jpg?id=7601) !important;}&#8221;][vc_column][vc_custom_heading stripe_pos=&#8221;left_right&#8221; stm_title_font_weight=&#8221;600&#8243; text=&#8221;V\u00cdTEJTE NA KARI\u00c9RN\u00cdCH STR\u00c1NK\u00c1CH GC&#8221; font_container=&#8221;tag:h3|font_size:40|text_align:center|color:%2300043d&#8221; google_fonts=&#8221;font_family:Abel%3Aregular|font_style:400%20regular%3A400%3Anormal&#8221; css=&#8221;.vc_custom_1637239474369{margin-bottom: 75px !important;}&#8221;][vc_custom_heading stripe_pos=&#8221;hide&#8221; stm_title_font_weight=&#8221;500&#8243; text=&#8221;Greenland Commodities v\u011b\u0159\u00ed, \u017ee investice do jednotliv\u00fdch \u010dlen\u016f t\u00fdmu je nejlep\u0161\u00ed zp\u016fsob udr\u017eiteln\u00e9ho \u00fasp\u011bchu, a nejlep\u0161\u00ed zp\u016fsob investov\u00e1n\u00ed, kter\u00fd nikdy nesel\u017ee. Poskytujeme na\u0161im koleg\u016fm p\u0159\u00edle\u017eitosti pro profesn\u00ed a osobn\u00ed rozvoj, a umo\u017e\u0148ujeme jim naj\u00edt a nav\u0161t\u011bvovat r\u016fzn\u00e9 vzd\u011bl\u00e1vac\u00ed aktivity pro sv\u016fj kari\u00e9rn\u00ed r\u016fst.&#8221; font_container=&#8221;tag:h3|font_size:21|text_align:center|color:%23002170&#8243; google_fonts=&#8221;font_family:Abel%3Aregular|font_style:400%20regular%3A400%3Anormal&#8221;][vc_custom_heading stripe_pos=&#8221;hide&#8221; stm_title_font_weight=&#8221;500&#8243; text=&#8221;Vy jste s\u00edla na\u0161\u00ed udr\u017eiteln\u00e9 budoucnosti! Investujeme do v\u00e1s, jako do na\u0161eho z\u00e1sadn\u00edho aktiva. Poj\u010fme r\u016fst spole\u010dn\u011b!&#8221; font_container=&#8221;tag:h3|font_size:21|text_align:center|color:%23002170&#8243; google_fonts=&#8221;font_family:Abel%3Aregular|font_style:400%20regular%3A400%3Anormal&#8221;][vc_custom_heading stripe_pos=&#8221;hide&#8221; stm_title_font_weight=&#8221;500&#8243; text=&#8221;Implementujeme kari\u00e9rn\u00ed politiku postavenou na rovnost\u00e1\u0159sk\u00e9m, spravedliv\u00e9m a rozvojov\u011b orientovan\u00e9m syst\u00e9mu, kde je \u00fasil\u00ed uzn\u00e1no a odm\u011bn\u011bno. Ka\u017ed\u00fd p\u0159\u00edsp\u011bvek pro na\u0161e podnik\u00e1n\u00ed je pro n\u00e1s velmi d\u016fle\u017eit\u00fd a cenn\u00fd.&#8221; font_container=&#8221;tag:h3|font_size:21|text_align:center|color:%23002170&#8243; google_fonts=&#8221;font_family:Abel%3Aregular|font_style:400%20regular%3A400%3Anormal&#8221;][vc_custom_heading stripe_pos=&#8221;left_right&#8221; stm_title_font_weight=&#8221;600&#8243; text=&#8221;PRO\u010c SI N\u00c1S VYBRAT&#8221; font_container=&#8221;tag:h3|font_size:40|text_align:center|color:%2300043d&#8221; google_fonts=&#8221;font_family:Abel%3Aregular|font_style:400%20regular%3A400%3Anormal&#8221; css=&#8221;.vc_custom_1637239444310{margin-top: 100px !important;margin-bottom: 50px !important;padding-top: 20px !important;}&#8221;][vc_row_inner css=&#8221;.vc_custom_1631257613866{margin-bottom: 50px !important;}&#8221;][vc_column_inner width=&#8221;1\/5&#8243;][vc_single_image image=&#8221;7732&#8243; img_size=&#8221;full&#8221; alignment=&#8221;center&#8221; style=&#8221;vc_box_rounded&#8221;][vc_custom_heading stripe_pos=&#8221;hide&#8221; stm_title_font_weight=&#8221;600&#8243; text=&#8221;T\u00fdmov\u00e1 pr\u00e1ce&#8221; font_container=&#8221;tag:h3|font_size:22|text_align:center|color:%2300043d&#8221; google_fonts=&#8221;font_family:Abel%3Aregular|font_style:400%20regular%3A400%3Anormal&#8221; css=&#8221;.vc_custom_1633459816277{margin-top: -30px !important;}&#8221;][\/vc_column_inner][vc_column_inner width=&#8221;1\/5&#8243;][vc_single_image image=&#8221;7733&#8243; img_size=&#8221;full&#8221; alignment=&#8221;center&#8221; style=&#8221;vc_box_rounded&#8221;][vc_custom_heading stripe_pos=&#8221;hide&#8221; stm_title_font_weight=&#8221;600&#8243; text=&#8221;Odborn\u00e1 podpora&#8221; font_container=&#8221;tag:h3|font_size:22|text_align:center|color:%2300043d&#8221; google_fonts=&#8221;font_family:Abel%3Aregular|font_style:400%20regular%3A400%3Anormal&#8221; css=&#8221;.vc_custom_1633459828147{margin-top: -30px !important;}&#8221;][\/vc_column_inner][vc_column_inner width=&#8221;1\/5&#8243;][vc_single_image image=&#8221;7734&#8243; img_size=&#8221;full&#8221; alignment=&#8221;center&#8221; style=&#8221;vc_box_rounded&#8221;][vc_custom_heading stripe_pos=&#8221;hide&#8221; stm_title_font_weight=&#8221;600&#8243; text=&#8221;Odm\u011b\u0148ov\u00e1n\u00ed&#8221; font_container=&#8221;tag:h3|font_size:22|text_align:center|color:%2300043d&#8221; google_fonts=&#8221;font_family:Abel%3Aregular|font_style:400%20regular%3A400%3Anormal&#8221; css=&#8221;.vc_custom_1633459839056{margin-top: -30px !important;}&#8221;][\/vc_column_inner][vc_column_inner width=&#8221;1\/5&#8243;][vc_single_image image=&#8221;7735&#8243; img_size=&#8221;full&#8221; alignment=&#8221;center&#8221; style=&#8221;vc_box_rounded&#8221;][vc_custom_heading stripe_pos=&#8221;hide&#8221; stm_title_font_weight=&#8221;900&#8243; text=&#8221;Podnik\u00e1n\u00ed&#8221; font_container=&#8221;tag:h3|font_size:22|text_align:center|color:%2300043d&#8221; google_fonts=&#8221;font_family:Abel%3Aregular|font_style:400%20regular%3A400%3Anormal&#8221; css=&#8221;.vc_custom_1633459848467{margin-top: -30px !important;}&#8221;][\/vc_column_inner][vc_column_inner width=&#8221;1\/5&#8243;][vc_single_image image=&#8221;7736&#8243; img_size=&#8221;full&#8221; alignment=&#8221;center&#8221; style=&#8221;vc_box_rounded&#8221;][vc_custom_heading stripe_pos=&#8221;hide&#8221; stm_title_font_weight=&#8221;900&#8243; text=&#8221;R\u016fst&#8221; font_container=&#8221;tag:h3|font_size:22|text_align:center|color:%2300043d&#8221; google_fonts=&#8221;font_family:Abel%3Aregular|font_style:400%20regular%3A400%3Anormal&#8221; css=&#8221;.vc_custom_1633459859871{margin-top: -30px !important;}&#8221;][\/vc_column_inner][\/vc_row_inner][vc_custom_heading stripe_pos=&#8221;hide&#8221; stm_title_font_weight=&#8221;500&#8243; text=&#8221;Ve spole\u010dnosti Greenland Commodities m\u00e1me mezin\u00e1rodn\u011b strukturovanou firemn\u00ed kulturu zalo\u017eenou na t\u00fdmov\u00e9 spolupr\u00e1ci.<br \/>\nV\u00e1\u017e\u00edme si a tak\u00e9 si cen\u00edme ka\u017ed\u00e9 p\u0159idan\u00e9 hodnoty na\u0161ich koleg\u016f tvo\u0159\u00edc\u00ed n\u00e1\u0161 t\u00fdm, a nev\u00e1h\u00e1me tuto hodnotu v\u0161emi zp\u016fsoby demonstrovat.&#8221; font_container=&#8221;tag:h3|font_size:20|text_align:center|color:%23002170&#8243; google_fonts=&#8221;font_family:Abel%3Aregular|font_style:400%20regular%3A400%3Anormal&#8221;][vc_row_inner css=&#8221;.vc_custom_1633271206445{margin-left: -40px !important;}&#8221;][vc_column_inner width=&#8221;1\/4&#8243;][\/vc_column_inner][vc_column_inner width=&#8221;1\/2&#8243;][vc_custom_heading stripe_pos=&#8221;hide&#8221; stm_title_font_weight=&#8221;600&#8243; text=&#8221;N\u011bkter\u00e1 fakta&#8221; font_container=&#8221;tag:h3|font_size:22|text_align:center|color:%2300043d&#8221; google_fonts=&#8221;font_family:Abel%3Aregular|font_style:400%20regular%3A400%3Anormal&#8221;][vc_custom_heading stripe_pos=&#8221;hide&#8221; stm_title_font_weight=&#8221;500&#8243; text=&#8221;* 87% na\u0161ich koleg\u016f m\u00e1 alespo\u0148 magistersk\u00fd titul.&#8221; font_container=&#8221;tag:h3|font_size:20|text_align:center|color:%23002170&#8243; google_fonts=&#8221;font_family:Abel%3Aregular|font_style:400%20regular%3A400%3Anormal&#8221;][vc_custom_heading stripe_pos=&#8221;hide&#8221; stm_title_font_weight=&#8221;500&#8243; text=&#8221;* N\u00e1\u0161 t\u00fdm byl vytvo\u0159en z 9 r\u016fzn\u00fdch n\u00e1rodnost\u00ed.&#8221; font_container=&#8221;tag:h3|font_size:20|text_align:center|color:%23002170&#8243; google_fonts=&#8221;font_family:Abel%3Aregular|font_style:400%20regular%3A400%3Anormal&#8221; css=&#8221;.vc_custom_1633459979365{margin-top: -30px !important;}&#8221;][\/vc_column_inner][\/vc_row_inner][vc_row_inner css=&#8221;.vc_custom_1633006591190{margin-top: 100px !important;margin-bottom: 100px !important;}&#8221;][vc_column_inner width=&#8221;1\/2&#8243;][vc_single_image image=&#8221;7821&#8243; img_size=&#8221;medium&#8221; alignment=&#8221;center&#8221; style=&#8221;vc_box_circle&#8221;][vc_custom_heading stripe_pos=&#8221;hide&#8221; stm_title_font_weight=&#8221;600&#8243; text=&#8221;Nab\u00edz\u00edme v\u00edce ne\u017e pracovn\u00ed m\u00edsto&#8221; font_container=&#8221;tag:h3|font_size:22|text_align:center|color:%2300043d&#8221; google_fonts=&#8221;font_family:Abel%3Aregular|font_style:400%20regular%3A400%3Anormal&#8221; css=&#8221;.vc_custom_1637070072523{margin-top: -20px !important;}&#8221;][vc_custom_heading stripe_pos=&#8221;hide&#8221; stm_title_font_weight=&#8221;500&#8243; text=&#8221;Jsme r\u00e1di kdy\u017e vid\u00edme, jak na\u0161i zam\u011bstnanci rozv\u00edjej\u00ed sv\u00e9 interperson\u00e1ln\u00ed a profesion\u00e1ln\u00ed dovednosti, a hled\u00e1me p\u0159\u00edle\u017eitosti, jak je v tom podpo\u0159it.&#8221; font_container=&#8221;tag:h3|font_size:21|text_align:center|color:%23002170&#8243; google_fonts=&#8221;font_family:Abel%3Aregular|font_style:400%20regular%3A400%3Anormal&#8221;][\/vc_column_inner][vc_column_inner width=&#8221;1\/2&#8243;][vc_single_image image=&#8221;7714&#8243; img_size=&#8221;medium&#8221; alignment=&#8221;center&#8221; style=&#8221;vc_box_circle&#8221;][vc_custom_heading stripe_pos=&#8221;hide&#8221; stm_title_font_weight=&#8221;600&#8243; text=&#8221;Hrajeme jako t\u00fdm&#8221; font_container=&#8221;tag:h3|font_size:22|text_align:center|color:%2300043d&#8221; google_fonts=&#8221;font_family:Abel%3Aregular|font_style:400%20regular%3A400%3Anormal&#8221; css=&#8221;.vc_custom_1633459909792{margin-top: -20px !important;}&#8221;][vc_custom_heading stripe_pos=&#8221;hide&#8221; stm_title_font_weight=&#8221;500&#8243; text=&#8221;To, co n\u00e1s spojuje, je n\u00e1\u0161 jedine\u010dn\u00fd duch spolupr\u00e1ce v r\u00e1mci cross-funk\u010dn\u00ed t\u00fdmov\u00e9 pr\u00e1ce a agiln\u00edch komunika\u010dn\u00edch postup\u016f.&#8221; font_container=&#8221;tag:h3|font_size:21|text_align:center|color:%23002170&#8243; google_fonts=&#8221;font_family:Abel%3Aregular|font_style:400%20regular%3A400%3Anormal&#8221;][\/vc_column_inner][\/vc_row_inner][\/vc_column][\/vc_row][vc_row full_width=&#8221;stretch_row&#8221; css=&#8221;.vc_custom_1631263955575{background-image: url(https:\/\/greenlandcommodities.com\/wp-content\/uploads\/2021\/09\/VAC2.jpg?id=7547) !important;border-radius: 10px !important;}&#8221; el_class=&#8221;overlay_2&#8243;][vc_column width=&#8221;1\/4&#8243; css=&#8221;.vc_custom_1629965283278{padding-top: 75px !important;padding-bottom: 75px !important;}&#8221;][vc_custom_heading stripe_pos=&#8221;hide&#8221; stm_title_font_weight=&#8221;900&#8243; text=&#8221;VOLN\u00c1 M\u00cdSTA&#8221; font_container=&#8221;tag:h3|font_size:40|text_align:left|color:%23ffffff&#8221; use_theme_fonts=&#8221;yes&#8221;][\/vc_column][vc_column width=&#8221;3\/4&#8243;][vc_custom_heading stripe_pos=&#8221;hide&#8221; stm_title_font_weight=&#8221;600&#8243; text=&#8221;Hled\u00e1te nov\u00e9 p\u0159\u00edle\u017eitosti? Hled\u00e1me kvalifikovan\u00e9 a kreativn\u00ed kolegy, kte\u0159\u00ed dok\u00e1\u017eou sd\u00edlet svou v\u00e1\u0161e\u0148 a radost a ochotn\u011b \u010delit nov\u00fdm v\u00fdzv\u00e1m. Pod\u00edvejte se na na\u0161e pozice, kter\u00e9 jsou pr\u00e1v\u011b k dispozici.&#8221; font_container=&#8221;tag:h3|font_size:20|text_align:center|color:%23ffffff&#8221; google_fonts=&#8221;font_family:Abel%3Aregular|font_style:400%20regular%3A400%3Anormal&#8221; css=&#8221;.vc_custom_1633002574033{padding-top: 45px !important;}&#8221;][vc_btn title=&#8221;Pod\u00edvejte se na na\u0161e voln\u00e1 m\u00edsta&#8221; style=&#8221;outline&#8221; color=&#8221;default&#8221; align=&#8221;right&#8221; link=&#8221;url:https%3A%2F%2Fgreenlandcommodities.com%2Fcareers%2Fvacancies%2F&#8221; css=&#8221;.vc_custom_1633002629150{margin-bottom: 50px !important;}&#8221;][\/vc_column][\/vc_row]<\/p>\n","protected":false},"excerpt":{"rendered":"<p>[vc_row full_width=&#8221;stretch_row&#8221; css=&#8221;.vc_custom_1633459676943{margin-right: -400px !important;margin-left: -400px !important;padding-top: 138px !important;padding-bottom: 135px !important;background-image: url(https:\/\/greenlandcommodities.com\/wp-content\/uploads\/2021\/10\/welcome-to-gc-career.jpg?id=7906) !important;}&#8221; el_class=&#8221;overlay_4&#8243;][vc_column][vc_custom_heading stripe_pos=&#8221;hide&#8221; stm_title_font_weight=&#8221;700&#8243; text=&#8221;KARI\u00c9RA&#8221; font_container=&#8221;tag:h3|font_size:40|text_align:center|color:%23ffffff&#8221; google_fonts=&#8221;font_family:Abel%3Aregular|font_style:400%20regular%3A400%3Anormal&#8221;][\/vc_column][\/vc_row][vc_row full_width=&#8221;stretch_row&#8221; el_class=&#8221;white-overlay_1 fixed_bg&#8221; css=&#8221;.vc_custom_1633437321006{margin-top: 100px !important;background-image: url(https:\/\/greenlandcommodities.com\/wp-content\/uploads\/2021\/09\/Adsiz-tasarim-1.jpg?id=7601) !important;}&#8221;][vc_column][vc_custom_heading stripe_pos=&#8221;left_right&#8221; stm_title_font_weight=&#8221;600&#8243; text=&#8221;V\u00cdTEJTE NA KARI\u00c9RN\u00cdCH STR\u00c1NK\u00c1CH GC&#8221; font_container=&#8221;tag:h3|font_size:40|text_align:center|color:%2300043d&#8221; google_fonts=&#8221;font_family:Abel%3Aregular|font_style:400%20regular%3A400%3Anormal&#8221; css=&#8221;.vc_custom_1637239474369{margin-bottom: 75px !important;}&#8221;][vc_custom_heading stripe_pos=&#8221;hide&#8221; stm_title_font_weight=&#8221;500&#8243; text=&#8221;Greenland Commodities v\u011b\u0159\u00ed, \u017ee investice do jednotliv\u00fdch \u010dlen\u016f t\u00fdmu je nejlep\u0161\u00ed zp\u016fsob udr\u017eiteln\u00e9ho \u00fasp\u011bchu,<\/p>\n","protected":false},"author":1,"featured_media":0,"parent":0,"menu_order":0,"comment_status":"closed","ping_status":"closed","template":"","meta":{"footnotes":""},"class_list":["post-8131","page","type-page","status-publish","hentry"],"_links":{"self":[{"href":"https:\/\/greenlandcommodities.com\/cs\/wp-json\/wp\/v2\/pages\/8131","targetHints":{"allow":["GET"]}}],"collection":[{"href":"https:\/\/greenlandcommodities.com\/cs\/wp-json\/wp\/v2\/pages"}],"about":[{"href":"https:\/\/greenlandcommodities.com\/cs\/wp-json\/wp\/v2\/types\/page"}],"author":[{"embeddable":true,"href":"https:\/\/greenlandcommodities.com\/cs\/wp-json\/wp\/v2\/users\/1"}],"replies":[{"embeddable":true,"href":"https:\/\/greenlandcommodities.com\/cs\/wp-json\/wp\/v2\/comments?post=8131"}],"version-history":[{"count":5,"href":"https:\/\/greenlandcommodities.com\/cs\/wp-json\/wp\/v2\/pages\/8131\/revisions"}],"predecessor-version":[{"id":8344,"href":"https:\/\/greenlandcommodities.com\/cs\/wp-json\/wp\/v2\/pages\/8131\/revisions\/8344"}],"wp:attachment":[{"href":"https:\/\/greenlandcommodities.com\/cs\/wp-json\/wp\/v2\/media?parent=8131"}],"curies":[{"name":"wp","href":"https:\/\/api.w.org\/{rel}","templated":true}]}}