{"id":8151,"date":"2021-10-20T16:28:18","date_gmt":"2021-10-20T13:28:18","guid":{"rendered":"https:\/\/greenlandcommodities.com\/sluzby\/"},"modified":"2021-11-18T15:46:26","modified_gmt":"2021-11-18T12:46:26","slug":"sluzby","status":"publish","type":"page","link":"https:\/\/greenlandcommodities.com\/cs\/sluzby\/","title":{"rendered":"slu\u017eby"},"content":{"rendered":"<p>[vc_row full_width=&#8221;stretch_row&#8221; css=&#8221;.vc_custom_1633458387526{margin-right: -400px !important;margin-bottom: 50px !important;margin-left: -400px !important;padding-top: 150px !important;padding-bottom: 150px !important;background-image: url(https:\/\/greenlandcommodities.com\/wp-content\/uploads\/2021\/09\/Wind.jpg?id=7409) !important;}&#8221; el_class=&#8221;overlay_2 fixed_bg&#8221;][vc_column][vc_custom_heading stripe_pos=&#8221;hide&#8221; stm_title_font_weight=&#8221;700&#8243; text=&#8221;SLU\u017dBY&#8221; font_container=&#8221;tag:h3|font_size:40|text_align:center|color:%23ffffff&#8221; google_fonts=&#8221;font_family:Abel%3Aregular|font_style:400%20regular%3A400%3Anormal&#8221;][\/vc_column][\/vc_row][vc_row full_width=&#8221;stretch_row&#8221; css=&#8221;.vc_custom_1632396011252{background-image: url(https:\/\/greenlandcommodities.com\/wp-content\/uploads\/2021\/09\/Adsiz-tasarim-1.jpg?id=7601) !important;}&#8221; el_class=&#8221;white-overlay_1 fixed_bg&#8221;][vc_column][vc_custom_heading stripe_pos=&#8221;left_right&#8221; stm_title_font_weight=&#8221;600&#8243; text=&#8221;GREENLAND SLU\u017dBY&#8221; font_container=&#8221;tag:h3|font_size:40|text_align:center|color:%2300043d&#8221; google_fonts=&#8221;font_family:Abel%3Aregular|font_style:400%20regular%3A400%3Anormal&#8221; css=&#8221;.vc_custom_1633458276462{margin-bottom: 100px !important;}&#8221;][vc_single_image image=&#8221;7653&#8243; img_size=&#8221;full&#8221; alignment=&#8221;center&#8221; style=&#8221;vc_box_rounded&#8221;][vc_custom_heading stripe_pos=&#8221;hide&#8221; stm_title_font_weight=&#8221;600&#8243; text=&#8221;Energetick\u00fd Management&#8221; font_container=&#8221;tag:h3|font_size:30|text_align:center|color:%2300043d&#8221; google_fonts=&#8221;font_family:Abel%3Aregular|font_style:400%20regular%3A400%3Anormal&#8221; css=&#8221;.vc_custom_1637161122014{margin-top: -30px !important;}&#8221;][vc_separator color=&#8221;blue&#8221; style=&#8221;shadow&#8221;][vc_custom_heading stripe_pos=&#8221;hide&#8221; text=&#8221;Pom\u00e1h\u00e1me na\u0161im partner\u016fm optimalizovat strategie v\u00fdroby energie, abychom pos\u00edlili jejich p\u016fsoben\u00ed na energetick\u00fdch trz\u00edch. Na\u0161i zku\u0161en\u00ed kolegov\u00e9 V\u00e1m pomohou vyvinout nejlep\u0161\u00ed sc\u00e9n\u00e1\u0159e pro um\u00edst\u011bn\u00ed portfolia v n\u00e1ro\u010dn\u00e9m tr\u017en\u00edm prost\u0159ed\u00ed.&#8221; font_container=&#8221;tag:h3|font_size:21|text_align:center|color:%23002170&#8243; google_fonts=&#8221;font_family:Abel%3Aregular|font_style:400%20regular%3A400%3Anormal&#8221;][vc_single_image image=&#8221;7726&#8243; img_size=&#8221;full&#8221; alignment=&#8221;center&#8221; style=&#8221;vc_box_rounded&#8221; css=&#8221;.vc_custom_1633351599129{margin-top: 150px !important;}&#8221;][vc_custom_heading stripe_pos=&#8221;hide&#8221; stm_title_font_weight=&#8221;600&#8243; text=&#8221;P\u0159\u00edstup na trh&#8221; font_container=&#8221;tag:h3|font_size:30|text_align:center|color:%2300043d&#8221; google_fonts=&#8221;font_family:Abel%3Aregular|font_style:400%20regular%3A400%3Anormal&#8221; css=&#8221;.vc_custom_1637239549442{margin-top: -30px !important;}&#8221;][vc_separator color=&#8221;blue&#8221; style=&#8221;shadow&#8221;][vc_custom_heading stripe_pos=&#8221;hide&#8221; text=&#8221;Abychom se mohli aktivn\u011b pod\u00edlet na v\u0161ech energetick\u00fdch oborech, poskytujeme zapojen\u00fdm protistran\u00e1m p\u0159\u00edstup na trhy energetick\u00fdch komodit tak, aby mohly pohodln\u011b obchodovat prost\u0159ednictv\u00edm na\u0161ich komplexn\u00edch operac\u00ed.&#8221; font_container=&#8221;tag:h3|font_size:21|text_align:center|color:%23002170&#8243; google_fonts=&#8221;font_family:Abel%3Aregular|font_style:400%20regular%3A400%3Anormal&#8221;][vc_custom_heading stripe_pos=&#8221;hide&#8221; stm_title_font_weight=&#8221;600&#8243; text=&#8221;PRO\u010c SI N\u00c1S VYBRAT&#8221; font_container=&#8221;tag:h3|font_size:30|text_align:center|color:%2300043d&#8221; google_fonts=&#8221;font_family:Abel%3Aregular|font_style:400%20regular%3A400%3Anormal&#8221; css=&#8221;.vc_custom_1637239557118{margin-top: 200px !important;}&#8221;][vc_separator color=&#8221;blue&#8221; style=&#8221;shadow&#8221;][vc_row_inner][vc_column_inner width=&#8221;1\/5&#8243;][vc_single_image image=&#8221;7720&#8243; img_size=&#8221;full&#8221; alignment=&#8221;center&#8221; style=&#8221;vc_box_rounded&#8221;][vc_custom_heading stripe_pos=&#8221;hide&#8221; stm_title_font_weight=&#8221;600&#8243; text=&#8221;INOVACE&#8221; font_container=&#8221;tag:h3|font_size:22|text_align:center|color:%2300043d&#8221; google_fonts=&#8221;font_family:Abel%3Aregular|font_style:400%20regular%3A400%3Anormal&#8221; css=&#8221;.vc_custom_1637161180827{margin-top: -30px !important;}&#8221;][\/vc_column_inner][vc_column_inner width=&#8221;1\/5&#8243;][vc_single_image image=&#8221;7721&#8243; img_size=&#8221;full&#8221; alignment=&#8221;center&#8221; style=&#8221;vc_box_rounded&#8221;][vc_custom_heading stripe_pos=&#8221;hide&#8221; stm_title_font_weight=&#8221;600&#8243; text=&#8221;KNOW-HOW&#8221; font_container=&#8221;tag:h3|font_size:22|text_align:center|color:%2300043d&#8221; google_fonts=&#8221;font_family:Abel%3Aregular|font_style:400%20regular%3A400%3Anormal&#8221; css=&#8221;.vc_custom_1633458655077{margin-top: -35px !important;}&#8221;][\/vc_column_inner][vc_column_inner width=&#8221;1\/5&#8243;][vc_single_image image=&#8221;7722&#8243; img_size=&#8221;full&#8221; alignment=&#8221;center&#8221; style=&#8221;vc_box_rounded&#8221;][vc_custom_heading stripe_pos=&#8221;hide&#8221; stm_title_font_weight=&#8221;600&#8243; text=&#8221;V\u00ddZKUMY A ANAL\u00ddZY&#8221; font_container=&#8221;tag:h3|font_size:22|text_align:center|color:%2300043d&#8221; google_fonts=&#8221;font_family:Abel%3Aregular|font_style:400%20regular%3A400%3Anormal&#8221; css=&#8221;.vc_custom_1637161190260{margin-top: -35px !important;}&#8221;][\/vc_column_inner][vc_column_inner width=&#8221;1\/5&#8243;][vc_single_image image=&#8221;7723&#8243; img_size=&#8221;full&#8221; alignment=&#8221;center&#8221; style=&#8221;vc_box_rounded&#8221;][vc_custom_heading stripe_pos=&#8221;hide&#8221; stm_title_font_weight=&#8221;600&#8243; text=&#8221;SKUTE\u010cN\u00cd PARTNE\u0158I&#8221; font_container=&#8221;tag:h3|font_size:22|text_align:center|color:%2300043d&#8221; google_fonts=&#8221;font_family:Abel%3Aregular|font_style:400%20regular%3A400%3Anormal&#8221; css=&#8221;.vc_custom_1637161252484{margin-top: -35px !important;}&#8221;][\/vc_column_inner][vc_column_inner width=&#8221;1\/5&#8243;][vc_single_image image=&#8221;7724&#8243; img_size=&#8221;full&#8221; alignment=&#8221;center&#8221; style=&#8221;vc_box_rounded&#8221;][vc_custom_heading stripe_pos=&#8221;hide&#8221; stm_title_font_weight=&#8221;600&#8243; text=&#8221;FINAN\u010cN\u00cd JISTOTA&#8221; font_container=&#8221;tag:h3|font_size:22|text_align:center|color:%2300043d&#8221; google_fonts=&#8221;font_family:Abel%3Aregular|font_style:400%20regular%3A400%3Anormal&#8221; css=&#8221;.vc_custom_1637161259525{margin-top: -35px !important;}&#8221;][\/vc_column_inner][\/vc_row_inner][vc_custom_heading stripe_pos=&#8221;hide&#8221; text=&#8221;S Greenland Commodities najdete nejlep\u0161\u00ed obchodn\u00ed \u0159e\u0161en\u00ed pro va\u0161e obchodn\u00ed aktivity v podnik\u00e1n\u00ed s energetick\u00fdmi komoditami a s dob\u0159e vybudovanou technologickou infrastrukturou, znalostmi a zku\u0161enostmi.&#8221; font_container=&#8221;tag:h3|font_size:21|text_align:center|color:%23002170&#8243; google_fonts=&#8221;font_family:Abel%3Aregular|font_style:400%20regular%3A400%3Anormal&#8221;][vc_custom_heading stripe_pos=&#8221;hide&#8221; text=&#8221;Podporujeme na\u0161e partnery prost\u0159ednictv\u00edm vz\u00e1jemn\u00e9 d\u016fv\u011bry, pracovitosti a firemn\u00ed kulturou orientovanou na komplexn\u00ed \u0159e\u0161en\u00ed. Sledujeme nejnov\u011bj\u0161\u00ed v\u00fdvoj a trendy, a poskytujeme na n\u011b okam\u017eit\u00e9 reakce, spolu se silnou schopnost\u00ed k\u00f3dov\u00e1n\u00ed.&#8221; font_container=&#8221;tag:h3|font_size:21|text_align:center|color:%23002170&#8243; google_fonts=&#8221;font_family:Abel%3Aregular|font_style:400%20regular%3A400%3Anormal&#8221; css=&#8221;.vc_custom_1637161273001{margin-bottom: 50px !important;}&#8221;][\/vc_column][\/vc_row]<\/p>\n","protected":false},"excerpt":{"rendered":"<p>[vc_row full_width=&#8221;stretch_row&#8221; css=&#8221;.vc_custom_1633458387526{margin-right: -400px !important;margin-bottom: 50px !important;margin-left: -400px !important;padding-top: 150px !important;padding-bottom: 150px !important;background-image: url(https:\/\/greenlandcommodities.com\/wp-content\/uploads\/2021\/09\/Wind.jpg?id=7409) !important;}&#8221; el_class=&#8221;overlay_2 fixed_bg&#8221;][vc_column][vc_custom_heading stripe_pos=&#8221;hide&#8221; stm_title_font_weight=&#8221;700&#8243; text=&#8221;SLU\u017dBY&#8221; font_container=&#8221;tag:h3|font_size:40|text_align:center|color:%23ffffff&#8221; google_fonts=&#8221;font_family:Abel%3Aregular|font_style:400%20regular%3A400%3Anormal&#8221;][\/vc_column][\/vc_row][vc_row full_width=&#8221;stretch_row&#8221; css=&#8221;.vc_custom_1632396011252{background-image: url(https:\/\/greenlandcommodities.com\/wp-content\/uploads\/2021\/09\/Adsiz-tasarim-1.jpg?id=7601) !important;}&#8221; el_class=&#8221;white-overlay_1 fixed_bg&#8221;][vc_column][vc_custom_heading stripe_pos=&#8221;left_right&#8221; stm_title_font_weight=&#8221;600&#8243; text=&#8221;GREENLAND SLU\u017dBY&#8221; font_container=&#8221;tag:h3|font_size:40|text_align:center|color:%2300043d&#8221; google_fonts=&#8221;font_family:Abel%3Aregular|font_style:400%20regular%3A400%3Anormal&#8221; css=&#8221;.vc_custom_1633458276462{margin-bottom: 100px !important;}&#8221;][vc_single_image image=&#8221;7653&#8243; img_size=&#8221;full&#8221; alignment=&#8221;center&#8221; style=&#8221;vc_box_rounded&#8221;][vc_custom_heading stripe_pos=&#8221;hide&#8221; stm_title_font_weight=&#8221;600&#8243; text=&#8221;Energetick\u00fd Management&#8221; font_container=&#8221;tag:h3|font_size:30|text_align:center|color:%2300043d&#8221; google_fonts=&#8221;font_family:Abel%3Aregular|font_style:400%20regular%3A400%3Anormal&#8221; css=&#8221;.vc_custom_1637161122014{margin-top: -30px !important;}&#8221;][vc_separator color=&#8221;blue&#8221; style=&#8221;shadow&#8221;][vc_custom_heading stripe_pos=&#8221;hide&#8221; text=&#8221;Pom\u00e1h\u00e1me na\u0161im<\/p>\n","protected":false},"author":1,"featured_media":0,"parent":0,"menu_order":0,"comment_status":"closed","ping_status":"closed","template":"","meta":{"footnotes":""},"class_list":["post-8151","page","type-page","status-publish","hentry"],"_links":{"self":[{"href":"https:\/\/greenlandcommodities.com\/cs\/wp-json\/wp\/v2\/pages\/8151","targetHints":{"allow":["GET"]}}],"collection":[{"href":"https:\/\/greenlandcommodities.com\/cs\/wp-json\/wp\/v2\/pages"}],"about":[{"href":"https:\/\/greenlandcommodities.com\/cs\/wp-json\/wp\/v2\/types\/page"}],"author":[{"embeddable":true,"href":"https:\/\/greenlandcommodities.com\/cs\/wp-json\/wp\/v2\/users\/1"}],"replies":[{"embeddable":true,"href":"https:\/\/greenlandcommodities.com\/cs\/wp-json\/wp\/v2\/comments?post=8151"}],"version-history":[{"count":5,"href":"https:\/\/greenlandcommodities.com\/cs\/wp-json\/wp\/v2\/pages\/8151\/revisions"}],"predecessor-version":[{"id":8346,"href":"https:\/\/greenlandcommodities.com\/cs\/wp-json\/wp\/v2\/pages\/8151\/revisions\/8346"}],"wp:attachment":[{"href":"https:\/\/greenlandcommodities.com\/cs\/wp-json\/wp\/v2\/media?parent=8151"}],"curies":[{"name":"wp","href":"https:\/\/api.w.org\/{rel}","templated":true}]}}