{"id":8158,"date":"2021-10-20T16:28:18","date_gmt":"2021-10-20T13:28:18","guid":{"rendered":"https:\/\/greenlandcommodities.com\/kariera\/volna-mista\/"},"modified":"2021-11-16T16:44:39","modified_gmt":"2021-11-16T13:44:39","slug":"volna-mista","status":"publish","type":"page","link":"https:\/\/greenlandcommodities.com\/cs\/kariera\/volna-mista\/","title":{"rendered":"Voln\u00e1 m\u00edsta"},"content":{"rendered":"<p>[vc_row full_width=&#8221;stretch_row&#8221; css=&#8221;.vc_custom_1633460977255{margin-right: -400px !important;margin-bottom: 100px !important;margin-left: -400px !important;padding-top: 137px !important;padding-bottom: 137px !important;background-image: url(https:\/\/greenlandcommodities.com\/wp-content\/uploads\/2021\/10\/careers-vacancies.jpg?id=7745) !important;}&#8221; el_class=&#8221;overlay_2&#8243;][vc_column][vc_custom_heading stripe_pos=&#8221;hide&#8221; stm_title_font_weight=&#8221;600&#8243; text=&#8221;VOLN\u00c1 M\u00cdSTA&#8221; font_container=&#8221;tag:h3|font_size:40|text_align:center|color:%23ffffff&#8221; google_fonts=&#8221;font_family:Abel%3Aregular|font_style:400%20regular%3A400%3Anormal&#8221;][\/vc_column][\/vc_row][vc_row full_width=&#8221;stretch_row&#8221; el_class=&#8221;white-overlay_1 fixed_bg&#8221; css=&#8221;.vc_custom_1633002890811{background-image: url(https:\/\/greenlandcommodities.com\/wp-content\/uploads\/2021\/09\/Adsiz-tasarim-1.jpg?id=7601) !important;}&#8221;][vc_column][vc_custom_heading stripe_pos=&#8221;left_right&#8221; stm_title_font_weight=&#8221;900&#8243; text=&#8221;GREENLAND VOLN\u00c1 M\u00cdSTA&#8221; font_container=&#8221;tag:h3|font_size:40|text_align:center|color:%2300043d&#8221; google_fonts=&#8221;font_family:Abel%3Aregular|font_style:400%20regular%3A400%3Anormal&#8221; css=&#8221;.vc_custom_1633460991778{margin-bottom: 50px !important;}&#8221;][vc_custom_heading stripe_pos=&#8221;hide&#8221; stm_title_font_weight=&#8221;400&#8243; text=&#8221;V Greenland Commodities jsme rozmanitou glob\u00e1ln\u00ed komunitou lid\u00ed, kte\u0159\u00ed tou\u017e\u00ed po dal\u0161\u00edch z V\u00e1s. M\u00e1me flexibiln\u00ed, podnikatelskou a t\u00fdmovou pracovn\u00ed kulturu. Zam\u011bstn\u00e1v\u00e1me specialisty v r\u00e1mci cel\u00e9 organizace, od front a\u017e po back-office pozice. N\u00ed\u017ee se pod\u00edvejte na na\u0161e aktu\u00e1ln\u00ed voln\u00e1 pracovn\u00ed m\u00edsta.&#8221; font_container=&#8221;tag:h3|font_size:21|text_align:center|color:%23002170&#8243; google_fonts=&#8221;font_family:Abel%3Aregular|font_style:400%20regular%3A400%3Anormal&#8221;][vc_custom_heading stripe_pos=&#8221;hide&#8221; stm_title_font_weight=&#8221;600&#8243; text=&#8221;Dal\u0161\u00ed dotazy a p\u0159ihl\u00e1\u0161ky:&#8221; font_container=&#8221;tag:h3|font_size:21|text_align:center|color:%2300043d&#8221; google_fonts=&#8221;font_family:Abel%3Aregular|font_style:400%20regular%3A400%3Anormal&#8221;][vc_btn title=&#8221;Kontaktujte HR&#8221; style=&#8221;flat&#8221; color=&#8221;theme_style_5&#8243; size=&#8221;lg&#8221; align=&#8221;center&#8221; link=&#8221;url:mailto%3Ahr%40greenlandcommodities.com&#8221;][stm_spacing lg_spacing=&#8221;30&#8243; md_spacing=&#8221;30&#8243; sm_spacing=&#8221;30&#8243; xs_spacing=&#8221;20&#8243;][vc_row_inner css=&#8221;.vc_custom_1629980391599{padding-top: 20px !important;padding-bottom: 20px !important;}&#8221;][vc_column_inner][stm_vacancies style=&#8221;style_3&#8243; css=&#8221;.vc_custom_1633461040958{margin-top: 50px !important;}&#8221;][stm_vacancies css=&#8221;.vc_custom_1633352058033{margin-top: 50px !important;margin-bottom: 200px !important;}&#8221;][\/vc_column_inner][\/vc_row_inner][\/vc_column][\/vc_row]<\/p>\n","protected":false},"excerpt":{"rendered":"<p>[vc_row full_width=&#8221;stretch_row&#8221; css=&#8221;.vc_custom_1633460977255{margin-right: -400px !important;margin-bottom: 100px !important;margin-left: -400px !important;padding-top: 137px !important;padding-bottom: 137px !important;background-image: url(https:\/\/greenlandcommodities.com\/wp-content\/uploads\/2021\/10\/careers-vacancies.jpg?id=7745) !important;}&#8221; el_class=&#8221;overlay_2&#8243;][vc_column][vc_custom_heading stripe_pos=&#8221;hide&#8221; stm_title_font_weight=&#8221;600&#8243; text=&#8221;VOLN\u00c1 M\u00cdSTA&#8221; font_container=&#8221;tag:h3|font_size:40|text_align:center|color:%23ffffff&#8221; google_fonts=&#8221;font_family:Abel%3Aregular|font_style:400%20regular%3A400%3Anormal&#8221;][\/vc_column][\/vc_row][vc_row full_width=&#8221;stretch_row&#8221; el_class=&#8221;white-overlay_1 fixed_bg&#8221; css=&#8221;.vc_custom_1633002890811{background-image: url(https:\/\/greenlandcommodities.com\/wp-content\/uploads\/2021\/09\/Adsiz-tasarim-1.jpg?id=7601) !important;}&#8221;][vc_column][vc_custom_heading stripe_pos=&#8221;left_right&#8221; stm_title_font_weight=&#8221;900&#8243; text=&#8221;GREENLAND VOLN\u00c1 M\u00cdSTA&#8221; font_container=&#8221;tag:h3|font_size:40|text_align:center|color:%2300043d&#8221; google_fonts=&#8221;font_family:Abel%3Aregular|font_style:400%20regular%3A400%3Anormal&#8221; css=&#8221;.vc_custom_1633460991778{margin-bottom: 50px !important;}&#8221;][vc_custom_heading stripe_pos=&#8221;hide&#8221; stm_title_font_weight=&#8221;400&#8243; text=&#8221;V Greenland Commodities jsme rozmanitou glob\u00e1ln\u00ed komunitou lid\u00ed, kte\u0159\u00ed tou\u017e\u00ed po dal\u0161\u00edch z V\u00e1s. M\u00e1me<\/p>\n","protected":false},"author":1,"featured_media":0,"parent":8131,"menu_order":0,"comment_status":"closed","ping_status":"closed","template":"","meta":{"footnotes":""},"class_list":["post-8158","page","type-page","status-publish","hentry"],"_links":{"self":[{"href":"https:\/\/greenlandcommodities.com\/cs\/wp-json\/wp\/v2\/pages\/8158","targetHints":{"allow":["GET"]}}],"collection":[{"href":"https:\/\/greenlandcommodities.com\/cs\/wp-json\/wp\/v2\/pages"}],"about":[{"href":"https:\/\/greenlandcommodities.com\/cs\/wp-json\/wp\/v2\/types\/page"}],"author":[{"embeddable":true,"href":"https:\/\/greenlandcommodities.com\/cs\/wp-json\/wp\/v2\/users\/1"}],"replies":[{"embeddable":true,"href":"https:\/\/greenlandcommodities.com\/cs\/wp-json\/wp\/v2\/comments?post=8158"}],"version-history":[{"count":4,"href":"https:\/\/greenlandcommodities.com\/cs\/wp-json\/wp\/v2\/pages\/8158\/revisions"}],"predecessor-version":[{"id":8337,"href":"https:\/\/greenlandcommodities.com\/cs\/wp-json\/wp\/v2\/pages\/8158\/revisions\/8337"}],"up":[{"embeddable":true,"href":"https:\/\/greenlandcommodities.com\/cs\/wp-json\/wp\/v2\/pages\/8131"}],"wp:attachment":[{"href":"https:\/\/greenlandcommodities.com\/cs\/wp-json\/wp\/v2\/media?parent=8158"}],"curies":[{"name":"wp","href":"https:\/\/api.w.org\/{rel}","templated":true}]}}